{"id":1079,"date":"2025-03-28T18:02:55","date_gmt":"2025-03-28T16:02:55","guid":{"rendered":"https:\/\/rangerssafaritours.com\/acerca-de\/"},"modified":"2025-04-24T10:08:21","modified_gmt":"2025-04-24T08:08:21","slug":"acerca","status":"publish","type":"page","link":"https:\/\/rangerssafaritours.com\/es\/acerca\/","title":{"rendered":"Acerca"},"content":{"rendered":"<section class=\"l-section wpb_row us_custom_85b77e80 height_small color_alternate\"><div class=\"l-section-overlay\" style=\"background:rgba(33,19,73,0.65)\"><\/div><div class=\"l-section-h i-cf\"><div class=\"g-cols vc_row via_flex valign_top type_default stacking_default\"><div class=\"vc_col-sm-12 wpb_column vc_column_container\"><div class=\"vc_column-inner\"><div class=\"wpb_wrapper\"><div class=\"w-text us_custom_2dcca5f6 pretitle\"><span class=\"w-text-h\"><span class=\"w-text-value\">Rangers Safari Tours<\/span><\/span><\/div>[vc_custom_heading text=\u00bbAcerca de Rangers Safari Tours\u00bb font_container=\u00bbtag:h1|text_align:center\u00bb use_theme_fonts=\u00bbyes\u00bb css=\u00bb%7B%22default%22%3A%7B%22padding-top%22%3A%220%22%7D%7D\u00bb]<div class=\"w-image us_custom_92b2762d align_center\"><div class=\"w-image-h\"><img decoding=\"async\" width=\"300\" height=\"41\" src=\"https:\/\/rangerssafaritours.com\/wp-content\/uploads\/2025\/03\/sep.png\" class=\"attachment-full size-full\" alt=\"\" loading=\"lazy\" \/><\/div><\/div><\/div><\/div><\/div><\/div><\/div><\/section><section class=\"l-section wpb_row us_custom_578bb794 height_large with_shape\"><div class=\"l-section-shape type_custom pos_bottom\" style=\"height:312px;color:transparent\"><img decoding=\"async\" width=\"1920\" height=\"312\" src=\"https:\/\/rangerssafaritours.com\/wp-content\/uploads\/2025\/03\/deco-sep1.png\" class=\"attachment-full size-full\" alt=\"Rangers Safari Tours\" srcset=\"https:\/\/rangerssafaritours.com\/wp-content\/uploads\/2025\/03\/deco-sep1.png 1920w, https:\/\/rangerssafaritours.com\/wp-content\/uploads\/2025\/03\/deco-sep1-300x49.png 300w, https:\/\/rangerssafaritours.com\/wp-content\/uploads\/2025\/03\/deco-sep1-1024x166.png 1024w\" sizes=\"auto, (max-width: 1920px) 100vw, 1920px\" loading=\"lazy\" \/><\/div><div class=\"l-section-h i-cf\"><div class=\"g-cols vc_row via_flex valign_top type_default stacking_default\"><div class=\"vc_col-sm-12 wpb_column vc_column_container\"><div class=\"vc_column-inner\"><div class=\"wpb_wrapper\"><div class=\"w-text us_custom_57ab9ef2 pretitle\"><span class=\"w-text-h\"><span class=\"w-text-value\">Explorar la naturaleza con respeto y pasi\u00f3n<\/span><\/span><\/div>[vc_custom_heading text=\u00bbFilosof\u00eda de Rangers Safari Tours\u00bb font_container=\u00bbtag:h2|text_align:center\u00bb use_theme_fonts=\u00bbyes\u00bb css=\u00bb%7B%22default%22%3A%7B%22max-width%22%3A%22720px%22%2C%22margin-left%22%3A%22auto%22%2C%22margin-right%22%3A%22auto%22%2C%22padding-top%22%3A%220%22%7D%7D\u00bb]<div class=\"wpb_text_column us_custom_386ec836\"><div class=\"wpb_wrapper\"><p>Nuestra filosof\u00eda como empresa es conocer la naturaleza, siempre con el m\u00e1ximo respeto y cuidado, y marcharse con grandes recuerdos para toda la vida. Intentamos que todos nuestros clientes vivan una experiencia inolvidable y conozcan la Costa del Sol de una forma \u00fanica y divertida.<\/p>\n<\/div><\/div><\/div><\/div><\/div><\/div><\/div><\/section><section class=\"l-section wpb_row us_custom_7f3f3687 height_large color_alternate with_shape\"><div class=\"l-section-shape type_custom pos_top\" style=\"height:143px;color:transparent\"><img decoding=\"async\" width=\"1852\" height=\"143\" src=\"https:\/\/rangerssafaritours.com\/wp-content\/uploads\/2025\/03\/deco-sep2.png\" class=\"attachment-full size-full\" alt=\"Rangers Safari Tours\" srcset=\"https:\/\/rangerssafaritours.com\/wp-content\/uploads\/2025\/03\/deco-sep2.png 1852w, https:\/\/rangerssafaritours.com\/wp-content\/uploads\/2025\/03\/deco-sep2-300x23.png 300w, https:\/\/rangerssafaritours.com\/wp-content\/uploads\/2025\/03\/deco-sep2-1024x79.png 1024w\" sizes=\"auto, (max-width: 1852px) 100vw, 1852px\" loading=\"lazy\" \/><\/div><div class=\"l-section-h i-cf\"><div class=\"g-cols vc_row via_flex valign_middle type_default reversed stacking_default\"><div class=\"vc_col-sm-6 wpb_column vc_column_container\"><div class=\"vc_column-inner\"><div class=\"wpb_wrapper\"><div class=\"w-image masked-image has_ratio align_center\"><div class=\"w-image-h\"><div style=\"padding-bottom:75%\"><\/div><img decoding=\"async\" width=\"1920\" height=\"1280\" src=\"https:\/\/rangerssafaritours.com\/wp-content\/uploads\/2022\/09\/socios-rangers-safari-scaled.jpg\" class=\"attachment-full size-full\" alt=\"\" loading=\"lazy\" \/><\/div><\/div><\/div><\/div><\/div><div class=\"vc_col-sm-6 wpb_column vc_column_container\"><div class=\"vc_column-inner\"><div class=\"wpb_wrapper\"><div class=\"w-text us_custom_804e3191 pretitle\"><span class=\"w-text-h\"><span class=\"w-text-value\">Comprometidos con el crecimiento y la aventura<\/span><\/span><\/div>[vc_custom_heading text=\u00bbNuestros objetivos\u00bb use_theme_fonts=\u00bbyes\u00bb css=\u00bb%7B%22default%22%3A%7B%22padding-top%22%3A%220%22%7D%7D\u00bb]<div class=\"wpb_text_column\"><div class=\"wpb_wrapper\"><p>Nuestros objetivos son claros, mejorar d\u00eda a d\u00eda como empresa, no quedarnos atr\u00e1s en nada y por supuesto convertirnos en los mejores en actividades de turismo activo de la Costa del Sol.<\/p>\n<p><em>\u00abIntentamos que todos nuestros clientes vivan una experiencia inolvidable y conozcan la Costa del Sol de una forma \u00fanica y divertida\u00bb.<\/em><\/p>\n<\/div><\/div><\/div><\/div><\/div><\/div><\/div><\/section><section class=\"l-section wpb_row us_custom_35a52c40 masked-bg height_large width_custom color_primary\" style=\"--site-content-width:1060px;\"><div class=\"l-section-overlay\" style=\"background:rgba(0,0,0,0.45)\"><\/div><div class=\"l-section-h i-cf\"><div class=\"g-cols vc_row via_flex valign_middle type_default reversed stacking_default\"><div class=\"vc_col-sm-8 wpb_column vc_column_container\"><div class=\"vc_column-inner\"><div class=\"wpb_wrapper\">[vc_custom_heading text=\u00bb\u00bfPrefieres recibir informaci\u00f3n?\u00bb use_theme_fonts=\u00bbyes\u00bb]<div class=\"wpb_text_column\"><div class=\"wpb_wrapper\"><p>Escr\u00edbenos con tus dudas y\/o preguntas, estaremos encantados de responderte.<\/p>\n<\/div><\/div><\/div><\/div><\/div><div class=\"vc_col-sm-4 wpb_column vc_column_container\"><div class=\"vc_column-inner\"><div class=\"wpb_wrapper\"><div class=\"w-btn-wrapper align_left\"><a class=\"w-btn us-btn-style_1 masked-btn\" href=\"https:\/\/rangerssafaritours.com\/es\/contacto\/\"><span class=\"w-btn-label\">No dudes en ponerte en contacto con nosotros<\/span><\/a><\/div><\/div><\/div><\/div><\/div><\/div><\/section><section class=\"l-section wpb_row us_custom_0e564162 height_huge\"><div class=\"l-section-h i-cf\"><div class=\"g-cols vc_row via_flex valign_top type_default stacking_default\"><div class=\"vc_col-sm-5 wpb_column vc_column_container\"><div class=\"vc_column-inner\"><div class=\"wpb_wrapper\"><div class=\"w-text us_custom_804e3191 pretitle\"><span class=\"w-text-h\"><span class=\"w-text-value\">Calidad y comodidad para tu experiencia<\/span><\/span><\/div>[vc_custom_heading text=\u00bbNuestras instalaciones\u00bb use_theme_fonts=\u00bbyes\u00bb css=\u00bb%7B%22default%22%3A%7B%22padding-top%22%3A%220%22%7D%7D\u00bb]<\/div><\/div><\/div><div class=\"vc_col-sm-7 wpb_column vc_column_container\"><div class=\"vc_column-inner\"><div class=\"wpb_wrapper\"><div class=\"wpb_text_column\"><div class=\"wpb_wrapper\"><p>En Rangers Safari Tours, nos preocupamos por ofrecer a nuestros clientes una experiencia en quad que no olvidar\u00e1n. Por eso, contamos con unas instalaciones de primera clase que ofrecen todo tipo de comodidades para garantizar una experiencia c\u00f3moda y agradable a nuestros clientes.<br \/>\nNuestras instalaciones cuentan con 1000 m2 de espacio, lo que nos permite ofrecer espacio suficiente para nuestros quads y nuestros clientes. Adem\u00e1s, disponemos de una amplia zona de aparcamiento que facilita el estacionamiento a quienes vengan en coche.<\/p>\n<p>Tambi\u00e9n tenemos un cuarto de ba\u00f1o para uso de nuestros clientes y una zona de limpieza para los quads, lo que garantiza que los quads est\u00e9n siempre en perfectas condiciones para el uso de nuestros clientes. Y para asegurarnos de que nuestros clientes se sientan completamente c\u00f3modos durante su visita, disponemos de una oficina donde pueden reservar su aventura en quad y recibir asesoramiento personalizado.<\/p>\n<p>En resumen, en Rangers Safari Tours nos esforzamos por ofrecer la mejor experiencia en quad a nuestros clientes. Con nuestras instalaciones de primera clase y todas las comodidades que ofrecemos, estamos seguros de que nuestros clientes se sentir\u00e1n como en casa desde el primer momento.<\/p>\n<p>\u00a1Esperamos verte pronto en Rangers Safari Tours!<\/p>\n<\/div><\/div><\/div><\/div><\/div><\/div><\/div><\/section><section class=\"l-section wpb_row us_custom_b610acd5 height_large color_alternate\"><div class=\"l-section-h i-cf\"><div class=\"g-cols vc_row via_flex valign_top type_default stacking_default\"><div class=\"vc_col-sm-12 wpb_column vc_column_container\"><div class=\"vc_column-inner\"><div class=\"wpb_wrapper\"><div class=\"w-text us_custom_57ab9ef2 pretitle\"><span class=\"w-text-h\"><span class=\"w-text-value\">Veh\u00edculos fiables para una experiencia inigualable<\/span><\/span><\/div>[vc_custom_heading text=\u00bbNuestros veh\u00edculos\u00bb font_container=\u00bbtag:h2|text_align:center\u00bb use_theme_fonts=\u00bbyes\u00bb css=\u00bb%7B%22default%22%3A%7B%22padding-top%22%3A%220%22%7D%7D\u00bb]<div class=\"wpb_text_column us_custom_eb849559\"><div class=\"wpb_wrapper\"><p class=\"\" data-start=\"84\" data-end=\"224\">En Rangers Safari Tours, nos aseguramos de contar con una flota de buggies y quads de alta calidad para ofrecer a nuestros clientes una experiencia excepcional.<\/p>\n<p class=\"\" data-start=\"226\" data-end=\"798\">Adem\u00e1s de nuestros quads, tambi\u00e9n ofrecemos los buggies CFMoto Zforce 550EX, un modelo robusto y potente, perfecto para los que buscan una experiencia de conducci\u00f3n m\u00e1s intensa. Este buggy de 4 plazas ha sido elegido por su potencia, estabilidad y comodidad en terrenos dif\u00edciles. Su motor de 550 cc, combinado con una suspensi\u00f3n de alto rendimiento, proporciona una conducci\u00f3n suave y controlada, incluso en los terrenos m\u00e1s dif\u00edciles. Al igual que nuestros quads, los buggies CFMoto Zforce 550EX est\u00e1n preparados para ofrecer una experiencia emocionante y segura, permitiendo a nuestros clientes disfrutar de la aventura con total confianza.<\/p>\n<p class=\"\" data-start=\"800\" data-end=\"1152\">Nuestra amplia flota de veh\u00edculos Kymco MXU 300 est\u00e1 totalmente revisada y lista para la aventura. Estos quads biplaza han sido seleccionados por su fiabilidad, maniobrabilidad y capacidad para proporcionar una experiencia emocionante y segura a nuestros clientes. Adem\u00e1s, nuestros quads est\u00e1n preparados para todo tipo de terrenos, lo que significa que pueden afrontar cualquier reto en nuestros recorridos.<\/p>\n<p class=\"\" data-start=\"1154\" data-end=\"1404\">Por tanto, nuestros clientes pueden estar tranquilos sabiendo que conducen un veh\u00edculo seguro y fiable con el que pueden contar durante toda su aventura. De este modo, pueden centrarse en la experiencia de conducir el quad o el buggy y disfrutar de la naturaleza circundante.<\/p>\n<p class=\"\" data-start=\"1406\" data-end=\"1491\">\u00a1Nuestros veh\u00edculos est\u00e1n dise\u00f1ados para proporcionar una experiencia emocionante y segura en cada ruta!<\/p>\n<\/div><\/div><\/div><\/div><\/div><\/div><\/div><\/section><section class=\"l-section wpb_row height_large\"><div class=\"l-section-h i-cf\"><div class=\"g-cols vc_row via_flex valign_top type_default stacking_default\"><div class=\"vc_col-sm-12 wpb_column vc_column_container\"><div class=\"vc_column-inner\"><div class=\"wpb_wrapper\"><div class=\"w-text us_custom_804e3191 pretitle\"><span class=\"w-text-h\"><span class=\"w-text-value\">La base perfecta para tu aventura<\/span><\/span><\/div>[vc_custom_heading text=\u00bbNuestra ubicaci\u00f3n\u00bb use_theme_fonts=\u00bbyes\u00bb css=\u00bb%7B%22default%22%3A%7B%22padding-top%22%3A%220%22%7D%7D\u00bb]<div class=\"g-cols wpb_row via_flex valign_top type_default stacking_default\"><div class=\"vc_col-sm-6 wpb_column vc_column_container\"><div class=\"vc_column-inner\"><div class=\"wpb_wrapper\"><div class=\"wpb_text_column\"><div class=\"wpb_wrapper\"><p>Rangers Safari Tours se encuentra en una ubicaci\u00f3n privilegiada en Mijas, que es un hermoso pueblo situado en la provincia de M\u00e1laga, Espa\u00f1a. Nuestra empresa se encuentra cerca del centro de Fuengirola y a pocos km de Marbella, Benalm\u00e1dena o M\u00e1laga, algunos de los destinos tur\u00edsticos m\u00e1s populares de Andaluc\u00eda.<\/p>\n<p>Nuestra ubicaci\u00f3n no s\u00f3lo es ideal para los turistas, sino tambi\u00e9n para los residentes locales que quieran explorar las numerosas atracciones de la zona. Estar situados cerca del centro de Fuengirola significa que nuestra empresa est\u00e1 a poca distancia de algunas de las atracciones m\u00e1s populares de la regi\u00f3n, como puertos deportivos, parques de atracciones, parques acu\u00e1ticos, zool\u00f3gicos, museos y lugares de inter\u00e9s hist\u00f3rico. Nuestros clientes pueden acceder f\u00e1cilmente a estas atracciones, lo que la convierte en una excelente opci\u00f3n para quienes deseen experimentar todo lo que la regi\u00f3n tiene que ofrecer.<\/p>\n<\/div><\/div><\/div><\/div><\/div><div class=\"vc_col-sm-6 wpb_column vc_column_container\"><div class=\"vc_column-inner\"><div class=\"wpb_wrapper\"><div class=\"wpb_text_column\"><div class=\"wpb_wrapper\"><p>Adem\u00e1s de nuestra excelente ubicaci\u00f3n, Rangers Safari Tours es f\u00e1cilmente accesible en transporte p\u00fablico. Estamos convenientemente situados cerca de estaciones de autob\u00fas y tren, lo que facilita a los visitantes llegar hasta nosotros utilizando el transporte p\u00fablico. Esto es especialmente c\u00f3modo para quienes no quieran alquilar un coche o prefieran no conducir durante sus vacaciones.<\/p>\n<p>En general, es una de las muchas razones por las que nuestra empresa es la mejor opci\u00f3n para quienes buscan un operador de turismo activo fiable y c\u00f3modo en la zona. Tanto si eres turista como residente local, estamos aqu\u00ed para ayudarte a explorar todas las cosas incre\u00edbles que Mijas y la regi\u00f3n tienen que ofrecer.<\/p>\n<p>Si tienes m\u00e1s preguntas o quieres m\u00e1s informaci\u00f3n, \u00a1CONTACTA CON NOSOTROS!<\/p>\n<\/div><\/div><\/div><\/div><\/div><\/div><\/div><\/div><\/div><\/div><\/div><\/section>\n\n\n<div class=\"kk-star-ratings kksr-auto kksr-align-center kksr-valign-bottom\"\n    data-payload='{&quot;align&quot;:&quot;center&quot;,&quot;id&quot;:&quot;1079&quot;,&quot;slug&quot;:&quot;default&quot;,&quot;valign&quot;:&quot;bottom&quot;,&quot;ignore&quot;:&quot;&quot;,&quot;reference&quot;:&quot;auto&quot;,&quot;class&quot;:&quot;&quot;,&quot;count&quot;:&quot;2&quot;,&quot;legendonly&quot;:&quot;&quot;,&quot;readonly&quot;:&quot;&quot;,&quot;score&quot;:&quot;3&quot;,&quot;starsonly&quot;:&quot;&quot;,&quot;best&quot;:&quot;5&quot;,&quot;gap&quot;:&quot;5&quot;,&quot;greet&quot;:&quot;&quot;,&quot;legend&quot;:&quot;3\\\/5 - (2 votos)&quot;,&quot;size&quot;:&quot;24&quot;,&quot;title&quot;:&quot;Acerca&quot;,&quot;width&quot;:&quot;84.5&quot;,&quot;_legend&quot;:&quot;{score}\\\/{best} - ({count} {votes})&quot;,&quot;font_factor&quot;:&quot;1.25&quot;}'>\n            \n<div class=\"kksr-stars\">\n    \n<div class=\"kksr-stars-inactive\">\n            <div class=\"kksr-star\" data-star=\"1\" style=\"padding-right: 5px\">\n            \n\n<div class=\"kksr-icon\" style=\"width: 24px; height: 24px;\"><\/div>\n        <\/div>\n            <div class=\"kksr-star\" data-star=\"2\" style=\"padding-right: 5px\">\n            \n\n<div class=\"kksr-icon\" style=\"width: 24px; height: 24px;\"><\/div>\n        <\/div>\n            <div class=\"kksr-star\" data-star=\"3\" style=\"padding-right: 5px\">\n            \n\n<div class=\"kksr-icon\" style=\"width: 24px; height: 24px;\"><\/div>\n        <\/div>\n            <div class=\"kksr-star\" data-star=\"4\" style=\"padding-right: 5px\">\n            \n\n<div class=\"kksr-icon\" style=\"width: 24px; height: 24px;\"><\/div>\n        <\/div>\n            <div class=\"kksr-star\" data-star=\"5\" style=\"padding-right: 5px\">\n            \n\n<div class=\"kksr-icon\" style=\"width: 24px; height: 24px;\"><\/div>\n        <\/div>\n    <\/div>\n    \n<div class=\"kksr-stars-active\" style=\"width: 84.5px;\">\n            <div class=\"kksr-star\" style=\"padding-right: 5px\">\n            \n\n<div class=\"kksr-icon\" style=\"width: 24px; height: 24px;\"><\/div>\n        <\/div>\n            <div class=\"kksr-star\" style=\"padding-right: 5px\">\n            \n\n<div class=\"kksr-icon\" style=\"width: 24px; height: 24px;\"><\/div>\n        <\/div>\n            <div class=\"kksr-star\" style=\"padding-right: 5px\">\n            \n\n<div class=\"kksr-icon\" style=\"width: 24px; height: 24px;\"><\/div>\n        <\/div>\n            <div class=\"kksr-star\" style=\"padding-right: 5px\">\n            \n\n<div class=\"kksr-icon\" style=\"width: 24px; height: 24px;\"><\/div>\n        <\/div>\n            <div class=\"kksr-star\" style=\"padding-right: 5px\">\n            \n\n<div class=\"kksr-icon\" style=\"width: 24px; height: 24px;\"><\/div>\n        <\/div>\n    <\/div>\n<\/div>\n                \n\n<div class=\"kksr-legend\" style=\"font-size: 19.2px;\">\n            3\/5 - (2 votos)    <\/div>\n    <\/div>\n","protected":false},"excerpt":{"rendered":"Rangers Safari Tours[vc_custom_heading text=\"Acerca de Rangers Safari Tours\" font_container=\"tag:h1|text_align:center\" use_theme_fonts=\"yes\" css=\"%7B%22default%22%3A%7B%22padding-top%22%3A%220%22%7D%7D\"]Explorar la naturaleza con respeto y pasi\u00f3n[vc_custom_heading text=\"Filosof\u00eda de Rangers Safari Tours\" font_container=\"tag:h2|text_align:center\" use_theme_fonts=\"yes\" css=\"%7B%22default%22%3A%7B%22max-width%22%3A%22720px%22%2C%22margin-left%22%3A%22auto%22%2C%22margin-right%22%3A%22auto%22%2C%22padding-top%22%3A%220%22%7D%7D\"]Nuestra filosof\u00eda como empresa es conocer la naturaleza, siempre con el m\u00e1ximo respeto y cuidado, y marcharse con grandes recuerdos para toda la vida. Intentamos que todos nuestros clientes vivan una...","protected":false},"author":1,"featured_media":0,"parent":0,"menu_order":0,"comment_status":"closed","ping_status":"closed","template":"","meta":{"_acf_changed":false,"footnotes":""},"class_list":["post-1079","page","type-page","status-publish","hentry"],"acf":[],"yoast_head":"<!-- This site is optimized with the Yoast SEO plugin v27.4 - https:\/\/yoast.com\/product\/yoast-seo-wordpress\/ -->\n<title>Acerca &#8902; Rangers Safari Tours<\/title>\n<meta name=\"robots\" content=\"index, follow, max-snippet:-1, max-image-preview:large, max-video-preview:-1\" \/>\n<link rel=\"canonical\" href=\"https:\/\/rangerssafaritours.com\/es\/acerca\/\" \/>\n<meta property=\"og:locale\" content=\"es_ES\" \/>\n<meta property=\"og:type\" content=\"article\" \/>\n<meta property=\"og:title\" content=\"Acerca &#8902; Rangers Safari Tours\" \/>\n<meta property=\"og:url\" content=\"https:\/\/rangerssafaritours.com\/es\/acerca\/\" \/>\n<meta property=\"og:site_name\" content=\"Rangers Safari Tours\" \/>\n<meta property=\"article:modified_time\" content=\"2025-04-24T08:08:21+00:00\" \/>\n<meta name=\"twitter:card\" content=\"summary_large_image\" \/>\n<meta name=\"twitter:label1\" content=\"Tiempo de lectura\" \/>\n\t<meta name=\"twitter:data1\" content=\"5 minutos\" \/>\n<script type=\"application\/ld+json\" class=\"yoast-schema-graph\">{\"@context\":\"https:\\\/\\\/schema.org\",\"@graph\":[{\"@type\":\"WebPage\",\"@id\":\"https:\\\/\\\/rangerssafaritours.com\\\/es\\\/acerca\\\/\",\"url\":\"https:\\\/\\\/rangerssafaritours.com\\\/es\\\/acerca\\\/\",\"name\":\"Acerca &#8902; Rangers Safari Tours\",\"isPartOf\":{\"@id\":\"https:\\\/\\\/rangerssafaritours.com\\\/#website\"},\"datePublished\":\"2025-03-28T16:02:55+00:00\",\"dateModified\":\"2025-04-24T08:08:21+00:00\",\"breadcrumb\":{\"@id\":\"https:\\\/\\\/rangerssafaritours.com\\\/es\\\/acerca\\\/#breadcrumb\"},\"inLanguage\":\"es\",\"potentialAction\":[{\"@type\":\"ReadAction\",\"target\":[\"https:\\\/\\\/rangerssafaritours.com\\\/es\\\/acerca\\\/\"]}]},{\"@type\":\"BreadcrumbList\",\"@id\":\"https:\\\/\\\/rangerssafaritours.com\\\/es\\\/acerca\\\/#breadcrumb\",\"itemListElement\":[{\"@type\":\"ListItem\",\"position\":1,\"name\":\"Portada\",\"item\":\"https:\\\/\\\/rangerssafaritours.com\\\/es\\\/\"},{\"@type\":\"ListItem\",\"position\":2,\"name\":\"Acerca\"}]},{\"@type\":\"WebSite\",\"@id\":\"https:\\\/\\\/rangerssafaritours.com\\\/#website\",\"url\":\"https:\\\/\\\/rangerssafaritours.com\\\/\",\"name\":\"Rangers Safari Tours\",\"description\":\"\",\"publisher\":{\"@id\":\"https:\\\/\\\/rangerssafaritours.com\\\/#organization\"},\"potentialAction\":[{\"@type\":\"SearchAction\",\"target\":{\"@type\":\"EntryPoint\",\"urlTemplate\":\"https:\\\/\\\/rangerssafaritours.com\\\/?s={search_term_string}\"},\"query-input\":{\"@type\":\"PropertyValueSpecification\",\"valueRequired\":true,\"valueName\":\"search_term_string\"}}],\"inLanguage\":\"es\"},{\"@type\":\"Organization\",\"@id\":\"https:\\\/\\\/rangerssafaritours.com\\\/#organization\",\"name\":\"Rangers Safari Tours\",\"url\":\"https:\\\/\\\/rangerssafaritours.com\\\/\",\"logo\":{\"@type\":\"ImageObject\",\"inLanguage\":\"es\",\"@id\":\"https:\\\/\\\/rangerssafaritours.com\\\/#\\\/schema\\\/logo\\\/image\\\/\",\"url\":\"https:\\\/\\\/rangerssafaritours.com\\\/wp-content\\\/uploads\\\/2025\\\/04\\\/organization-logo.png\",\"contentUrl\":\"https:\\\/\\\/rangerssafaritours.com\\\/wp-content\\\/uploads\\\/2025\\\/04\\\/organization-logo.png\",\"width\":346,\"height\":91,\"caption\":\"Rangers Safari Tours\"},\"image\":{\"@id\":\"https:\\\/\\\/rangerssafaritours.com\\\/#\\\/schema\\\/logo\\\/image\\\/\"}}]}<\/script>\n<!-- \/ Yoast SEO plugin. -->","yoast_head_json":{"title":"Acerca &#8902; Rangers Safari Tours","robots":{"index":"index","follow":"follow","max-snippet":"max-snippet:-1","max-image-preview":"max-image-preview:large","max-video-preview":"max-video-preview:-1"},"canonical":"https:\/\/rangerssafaritours.com\/es\/acerca\/","og_locale":"es_ES","og_type":"article","og_title":"Acerca &#8902; Rangers Safari Tours","og_url":"https:\/\/rangerssafaritours.com\/es\/acerca\/","og_site_name":"Rangers Safari Tours","article_modified_time":"2025-04-24T08:08:21+00:00","twitter_card":"summary_large_image","twitter_misc":{"Tiempo de lectura":"5 minutos"},"schema":{"@context":"https:\/\/schema.org","@graph":[{"@type":"WebPage","@id":"https:\/\/rangerssafaritours.com\/es\/acerca\/","url":"https:\/\/rangerssafaritours.com\/es\/acerca\/","name":"Acerca &#8902; Rangers Safari Tours","isPartOf":{"@id":"https:\/\/rangerssafaritours.com\/#website"},"datePublished":"2025-03-28T16:02:55+00:00","dateModified":"2025-04-24T08:08:21+00:00","breadcrumb":{"@id":"https:\/\/rangerssafaritours.com\/es\/acerca\/#breadcrumb"},"inLanguage":"es","potentialAction":[{"@type":"ReadAction","target":["https:\/\/rangerssafaritours.com\/es\/acerca\/"]}]},{"@type":"BreadcrumbList","@id":"https:\/\/rangerssafaritours.com\/es\/acerca\/#breadcrumb","itemListElement":[{"@type":"ListItem","position":1,"name":"Portada","item":"https:\/\/rangerssafaritours.com\/es\/"},{"@type":"ListItem","position":2,"name":"Acerca"}]},{"@type":"WebSite","@id":"https:\/\/rangerssafaritours.com\/#website","url":"https:\/\/rangerssafaritours.com\/","name":"Rangers Safari Tours","description":"","publisher":{"@id":"https:\/\/rangerssafaritours.com\/#organization"},"potentialAction":[{"@type":"SearchAction","target":{"@type":"EntryPoint","urlTemplate":"https:\/\/rangerssafaritours.com\/?s={search_term_string}"},"query-input":{"@type":"PropertyValueSpecification","valueRequired":true,"valueName":"search_term_string"}}],"inLanguage":"es"},{"@type":"Organization","@id":"https:\/\/rangerssafaritours.com\/#organization","name":"Rangers Safari Tours","url":"https:\/\/rangerssafaritours.com\/","logo":{"@type":"ImageObject","inLanguage":"es","@id":"https:\/\/rangerssafaritours.com\/#\/schema\/logo\/image\/","url":"https:\/\/rangerssafaritours.com\/wp-content\/uploads\/2025\/04\/organization-logo.png","contentUrl":"https:\/\/rangerssafaritours.com\/wp-content\/uploads\/2025\/04\/organization-logo.png","width":346,"height":91,"caption":"Rangers Safari Tours"},"image":{"@id":"https:\/\/rangerssafaritours.com\/#\/schema\/logo\/image\/"}}]}},"_links":{"self":[{"href":"https:\/\/rangerssafaritours.com\/es\/wp-json\/wp\/v2\/pages\/1079","targetHints":{"allow":["GET"]}}],"collection":[{"href":"https:\/\/rangerssafaritours.com\/es\/wp-json\/wp\/v2\/pages"}],"about":[{"href":"https:\/\/rangerssafaritours.com\/es\/wp-json\/wp\/v2\/types\/page"}],"author":[{"embeddable":true,"href":"https:\/\/rangerssafaritours.com\/es\/wp-json\/wp\/v2\/users\/1"}],"replies":[{"embeddable":true,"href":"https:\/\/rangerssafaritours.com\/es\/wp-json\/wp\/v2\/comments?post=1079"}],"version-history":[{"count":8,"href":"https:\/\/rangerssafaritours.com\/es\/wp-json\/wp\/v2\/pages\/1079\/revisions"}],"predecessor-version":[{"id":1382,"href":"https:\/\/rangerssafaritours.com\/es\/wp-json\/wp\/v2\/pages\/1079\/revisions\/1382"}],"wp:attachment":[{"href":"https:\/\/rangerssafaritours.com\/es\/wp-json\/wp\/v2\/media?parent=1079"}],"curies":[{"name":"wp","href":"https:\/\/api.w.org\/{rel}","templated":true}]}}