{"id":1085,"date":"2022-09-30T13:44:00","date_gmt":"2022-09-30T11:44:00","guid":{"rendered":"https:\/\/rangerssafaritours.com\/condiciones-generales\/"},"modified":"2025-04-09T13:00:09","modified_gmt":"2025-04-09T11:00:09","slug":"condiciones-generales","status":"publish","type":"page","link":"https:\/\/rangerssafaritours.com\/es\/condiciones-generales\/","title":{"rendered":"Condiciones generales"},"content":{"rendered":"<section class=\"l-section wpb_row height_large\"><div class=\"l-section-h i-cf\"><div class=\"g-cols vc_row via_flex valign_top type_default stacking_default\"><div class=\"vc_col-sm-12 wpb_column vc_column_container\"><div class=\"vc_column-inner\"><div class=\"wpb_wrapper\">[vc_custom_heading text=\u00bbCondiciones generales\u00bb font_container=\u00bbtag:h1|text_align:left\u00bb use_theme_fonts=\u00bbyes\u00bb]<div class=\"wpb_text_column\"><div class=\"wpb_wrapper\"><p><strong>I. PROPIEDAD DEL SITIO WEB<\/strong><\/p>\n<p>Marbella Charter Experiences SLU (en adelante Rangers Safari Tours), empresa espa\u00f1ola con CIF n\u00fam. B93107266, y domicilio social en Urb. La Montua 39, 29602, Marbella, M\u00e1laga, Espa\u00f1a es la titular del sitio web rangerssafaritours.com.  <\/p>\n<p>Atenci\u00f3n al cliente: <a href=\"mailto:info@rangerssafaritours.com\">info@rangerssafaritours.com<\/a><\/p>\n<p><strong>II. CONDICIONES GENERALES <\/strong><\/p>\n<p>Las presentes Condiciones de Compra On-Line regular\u00e1n expresamente las relaciones surgidas entre Rangers Safari Tours y los consumidores que soliciten los servicios o productos ofrecidos en el Sitio Web.<\/p>\n<p>Las presentes Condiciones de Compra han sido redactadas de conformidad con lo dispuesto en la Ley 34\/2002, de Servicios de la Sociedad de la Informaci\u00f3n y de Comercio Electr\u00f3nico, la Ley 7\/1998, sobre Condiciones Generales de la Contrataci\u00f3n, el Real Decreto 1906\/1999, por el que se regula la contrataci\u00f3n telef\u00f3nica y electr\u00f3nica mediante condiciones generales recogidas en el art\u00edculo 5.3 de la Ley 7\/1998, el Real Decreto Legislativo 1\/2007, de 16 de noviembre, por el que se aprueba el texto refundido de la Ley General para la Defensa de los Consumidores y Usuarios y otras leyes complementarias, la Ley 7\/1996 de Ordenaci\u00f3n del Comercio Minorista, el Real Decreto-Ley 14\/1999, por el que se regula la Firma Electr\u00f3nica, y cualquier otra disposici\u00f3n legal que resulte de aplicaci\u00f3n.<\/p>\n<p>Antes de realizar tu compra on-line, recuerda que debes dar tu consentimiento expreso al tratamiento de tus datos personales por parte de Marbella Charter Experience SLU rellenando el formulario que encontrar\u00e1s en nuestra web.<\/p>\n<p><strong>III. CONDICIONES GENERALES <\/strong><\/p>\n<p>Las presentes Condiciones de Compra On-Line tienen por objeto regular las condiciones generales de prestaci\u00f3n de los servicios ofrecidos por Rangers Safari Tours a trav\u00e9s del sitio web rangerssafaritours.com. Los servicios que actualmente presta Rangers Safari Tours, y que son objeto del contrato con los consumidores son la venta de excursiones tur\u00edsticas organizadas en veh\u00edculos jeep y monovolumen en Andaluc\u00eda as\u00ed como, en su caso, otros productos y servicios ofrecidos en el Sitio Web. <\/p>\n<p>Los productos y servicios ofrecidos por Rangers Safari Tours pueden ser adquiridos por cualquier consumidor residente en Espa\u00f1a o en otro Estado miembro de la Uni\u00f3n Europea o del Espacio Econ\u00f3mico Europeo, as\u00ed como por consumidores residentes en un Estado no miembro de la Uni\u00f3n Europea o del Espacio Econ\u00f3mico Europeo, pero a los que sea de aplicaci\u00f3n la legislaci\u00f3n espa\u00f1ola.<\/p>\n<p>El servicio de venta de entradas para el Safari de los Rangers, as\u00ed como de cualquier otro producto ofrecido a trav\u00e9s de nuestros sitios web, se establece a t\u00edtulo oneroso, y el precio de cada producto -impuestos incluidos- se muestra en el Sitio Web en cada momento.<\/p>\n<p>El acceso a la informaci\u00f3n contenida en nuestros sitios web no est\u00e1 sujeto a ning\u00fan tipo de pago.<\/p>\n<p>El consumidor entiende que la informaci\u00f3n contenida en nuestros sitios web, incluida la informaci\u00f3n general sobre el cat\u00e1logo de servicios as\u00ed como de otros productos ofrecidos en los Sitios Web, y las Condiciones Generales de Compra On-Line y de ejecuci\u00f3n del contrato, es suficiente para excluir cualquier error en el consentimiento de los mismos.<\/p>\n<p><strong>1.1. Procedimientos<\/strong><\/p>\n<p>Para proceder a la utilizaci\u00f3n de los diferentes servicios ofrecidos en los Sitios Web, el consumidor deber\u00e1 seguir todas las indicaciones e instrucciones que se le muestren en pantalla en cada paso del proceso de compra, proporcionando a tal efecto, la informaci\u00f3n requerida en los formularios establecidos en los Sitios Web, lo que implicar\u00e1 la previa lectura y aceptaci\u00f3n de todas las Condiciones Generales de Compra On-Line en ellos establecidas; el consumidor reconoce conocer y aceptar los mencionados procedimientos como necesarios para acceder a los productos y servicios ofrecidos en el Sitio Web.<\/p>\n<p>El consumidor finalizar\u00e1 el proceso de compra tras haber completado todas las fases del mismo, enviado electr\u00f3nicamente la orden de compra y cumplido con la obligaci\u00f3n de pago a trav\u00e9s de uno de los diferentes m\u00e9todos disponibles, ya sea mediante \u00abtarjeta de cr\u00e9dito\u00bb o utilizando el sistema \u00abStripe\u00bb.<\/p>\n<p>Las presentes Condiciones Generales de Compra On-Line pasar\u00e1n a formar parte del contrato en el momento de la aceptaci\u00f3n expresa del consumidor, acreditada mediante la cumplimentaci\u00f3n y env\u00edo de los datos introducidos durante el proceso de compra.<\/p>\n<p>La utilizaci\u00f3n de cualquiera de los servicios del Sitio Web supone la aceptaci\u00f3n sin reservas de todas y cada una de las Condiciones Generales de Uso de los Sitios Web as\u00ed como de las Condiciones Generales de Compra On-Line y, en su caso, de las Condiciones Particulares de Compra que se pongan a disposici\u00f3n del consumidor con car\u00e1cter previo a la realizaci\u00f3n del proceso de compra, y que regir\u00e1n la adquisici\u00f3n de los billetes as\u00ed como la adquisici\u00f3n de todos los dem\u00e1s productos y servicios ofrecidos en el Sitio Web.<\/p>\n<p><strong>1.2. Documentaci\u00f3n y lengua<\/strong><\/p>\n<p>Estas Condiciones Generales de Compra On-Line son accesibles en todo momento durante la compra on-line en el Sitio Web de Rangers Safari Tours y pueden ser impresas y almacenadas por el consumidor.<\/p>\n<p>En el caso de adquisici\u00f3n de productos, al finalizar el proceso de compra, el consumidor recibir\u00e1 por correo electr\u00f3nico una Factura Simplificada (Ticket o Vale) por la compra realizada, que deber\u00e1 canjear por entradas en el recinto y\/o dar acceso a la actividad reservada.<\/p>\n<p>El consumidor no podr\u00e1 ejercer el derecho de desistimiento, ya que en este caso es de aplicaci\u00f3n una de las excepciones legalmente reconocidas, recogidas en el art\u00edculo 103 letra L del Real Decreto Legislativo 1\/2007, de 16 de noviembre, por el que se aprueba el texto refundido de la Ley General para la Defensa de los Consumidores y Usuarios (TRLGDCU) y otras leyes complementarias. El art\u00edculo dice literalmente: \u00abEl derecho de desistimiento no se aplicar\u00e1 a los contratos que tengan por objeto los siguientes conceptos: Prestaci\u00f3n de servicios de alojamiento para fines distintos de la vivienda, transporte de mercanc\u00edas, alquiler de veh\u00edculos, restauraci\u00f3n o servicios relacionados con actividades de ocio si el contrato prev\u00e9 una fecha o un plazo de ejecuci\u00f3n determinados.\u00bb <\/p>\n<p>Para cualquier incidencia, reclamaci\u00f3n o ejercicio de sus derechos el consumidor podr\u00e1 enviar un correo electr\u00f3nico a la siguiente direcci\u00f3n: <a href=\"mailto:info@rangerssafaritours.com\">info@rangerssafaritours.com.<\/a><\/p>\n<p><strong>1.3. Anulaciones<\/strong><\/p>\n<p>Si no es posible realizar la actividad debido a condiciones meteorol\u00f3gicas adversas o por razones t\u00e9cnicas, se reembolsar\u00e1 el importe \u00edntegro.<\/p>\n<p>Las reservas pueden cancelarse o la fecha de la actividad puede modificarse sin cargo alguno hasta 48 horas antes de la actividad. Transcurrido este plazo, se cargar\u00e1 el 100% del importe. <\/p>\n<p>Para todas las actividades, los cambios de fechas son v\u00e1lidos durante 1 a\u00f1o si no se han utilizado. Se permiten hasta 3 cambios de fecha. <\/p>\n<p>Si el consumidor sufre un accidente o se encuentra mal durante el disfrute de nuestras actividades, hay que avisar al 112.<\/p>\n<p>Si no hubiera fondos suficientes en la tarjeta de cr\u00e9dito antes de la prestaci\u00f3n del servicio reservado o se devolviera el pago de dicho servicio, la reserva se considerar\u00e1 cancelada y, en consecuencia, se aplicar\u00e1n gastos de cancelaci\u00f3n. Nos reservamos el derecho a reclamar otros da\u00f1os y perjuicios. <\/p>\n<p>Si te suscribes a descuentos especiales, es necesario que lleves documentos acreditativos v\u00e1lidos. Si no acreditas la condici\u00f3n que te da derecho al descuento, deber\u00e1s abonar la diferencia de precio en la taquilla o en el lugar indicado para acceder al servicio adquirido. <\/p>\n<p>En caso de adquisici\u00f3n de alguno de los productos o servicios ofrecidos en los Sitios Web distintos de las entradas, el consumidor recibir\u00e1 tambi\u00e9n una factura simplificada (Ticket o Bono) por correo electr\u00f3nico. Asimismo, los Sitios Web notificar\u00e1n al Usuario las Condiciones Particulares de Compra de los productos o servicios de que se trate con car\u00e1cter previo al proceso de compra. <\/p>\n<p>Todos los requisitos para aportar un documento que sirva de factura se considerar\u00e1n cumplidos con la expedici\u00f3n de la factura simplificada (Ticket o Comprobante), en cumplimiento del Real Decreto 1073\/2014, de 19 de diciembre, por el que se modifica, entre otros, el Reglamento por el que se regulan las obligaciones de facturaci\u00f3n, aprobado por el Real Decreto 1619\/2012, de 30 de noviembre.<\/p>\n<p>Estas Condiciones Generales de Compra On-Line han sido redactadas originalmente en espa\u00f1ol. En caso de litigio, la versi\u00f3n original prevalecer\u00e1 sobre esta traducci\u00f3n.<\/p>\n<p><strong>1.4. Cumplimiento de las medidas preventivas Covid-19<\/strong><\/p>\n<p>Protocolo de actuaci\u00f3n de Marbella Charter Experience SLU.<\/p>\n<p>Con el fin de prevenir la propagaci\u00f3n del COVID-19, Marbella Charter Experience desea informar a los usuarios de los servicios de las medidas esenciales que se han puesto en pr\u00e1ctica para garantizar su seguridad y la del personal empleado en sus instalaciones.<\/p>\n<p>La seguridad de nuestros clientes es esencial y por ello, en cumplimiento de las recomendaciones sanitarias vigentes, hemos establecido un protocolo de medidas preventivas Covid-19 de obligado cumplimiento para nuestro personal y para cualquier persona que participe en una excursi\u00f3n. Estas medidas se adaptar\u00e1n en el futuro en funci\u00f3n de las necesidades del entorno y de las directrices que proporcionen los organismos oficiales correspondientes.<\/p>\n<p><strong>VEH\u00cdCULOS<\/strong><\/p>\n<p>JEEP SAFARI<\/p>\n<ul>\n<li><span>Jeeps para tener el techo abierto durante todo el d\u00eda para ventilar el veh\u00edculo.<\/span><\/li>\n<li><span>Antes de la excursi\u00f3n: desinfecci\u00f3n y lavado.<\/span><\/li>\n<li><span>Gel hidroalcoh\u00f3lico disponible para uso de los clientes en cada veh\u00edculo.<\/span><\/li>\n<\/ul>\n<p>VISITA VIP<\/p>\n<ul>\n<li>Sistema de ventilaci\u00f3n de aire fresco.<\/li>\n<li>Antes de la excursi\u00f3n: desinfecci\u00f3n y lavado.<\/li>\n<li>Gel hidroalcoh\u00f3lico disponible para uso de los clientes en cada veh\u00edculo.<\/li>\n<\/ul>\n<p>CONDUCTORES<\/p>\n<ul>\n<li>Es obligatorio llevar mascarilla.<\/li>\n<li>Responsable de abrir y cerrar las puertas y desinfectar las zonas de contacto.<\/li>\n<\/ul>\n<p>PASAJEROS<\/p>\n<ul>\n<li>El uso de mascarilla es obligatorio durante los desplazamientos y en los espacios donde no sea posible mantener una distancia m\u00ednima de 1,5 m con otras personas.<\/li>\n<li>Asiento asignado en el veh\u00edculo.<\/li>\n<li>Distancia m\u00ednima de 1,5 m de otras personas en las paradas.<\/li>\n<\/ul>\n<p>Si los pasajeros no cumplen las medidas descritas anteriormente o presentan s\u00edntomas que sugieran una infecci\u00f3n por COVID-19, se les denegar\u00e1 el acceso a la excursi\u00f3n. Se aplicar\u00e1 el protocolo de aislamiento y evacuaci\u00f3n, si procede, y se reembolsar\u00e1 la reserva.<\/p>\n<p><strong>1.5. Medios t\u00e9cnicos<\/strong><\/p>\n<p>El Sitio Web pondr\u00e1 a disposici\u00f3n del consumidor todos los medios t\u00e9cnicos necesarios para el seguimiento y correcci\u00f3n de errores en los datos introducidos en los distintos formularios que se muestran en pantalla durante el proceso de compra.<\/p>\n<p><strong>1.6. Modificaci\u00f3n de las Condiciones Generales de Compra On-Line<\/strong><\/p>\n<p>Rangers Safari Tours se reserva el derecho a modificar en cualquier momento las presentes Condiciones Generales de Compra On-Line o, en su caso, las Condiciones Particulares de Compra que resulten de aplicaci\u00f3n, as\u00ed como cualesquiera otros t\u00e9rminos generales o particulares, reglamentos de uso o avisos que resulten de aplicaci\u00f3n. El deber de notificaci\u00f3n a los consumidores se considerar\u00e1 cumplido mediante la modificaci\u00f3n de las Condiciones Generales expuestas en el Sitio Web de Rangers Safari Tours.<\/p>\n<p>En todo caso, siempre ser\u00e1 posible leer, con car\u00e1cter previo a la compra de productos o servicios, las Condiciones Generales de Compra On-Line y, en su caso, las Condiciones Particulares de Compra que resulten de aplicaci\u00f3n. Asimismo, la empresa se reserva el derecho a modificar en cualquier momento la presentaci\u00f3n, configuraci\u00f3n y localizaci\u00f3n del Sitio Web, as\u00ed como los contenidos y las condiciones de uso del mismo.<\/p>\n<p><strong>PROTECCI\u00d3N DE DATOS PERSONALES<\/strong><\/p>\n<p>Los datos personales que el consumidor introduzca en el sitio web y cualesquiera otros que se generen con posterioridad como consecuencia de su relaci\u00f3n con nosotros ser\u00e1n incorporados a ficheros de los que Marbella Charter Experience SLU, es responsable. Los datos ser\u00e1n tratados con la finalidad de desarrollo, mantenimiento y control de la relaci\u00f3n entre el consumidor y nosotros y, en particular, para tramitar la compra de entradas u otros productos, as\u00ed como las solicitudes que el consumidor pueda solicitarnos y mantener la comunicaci\u00f3n para mejorar nuestros servicios y con fines estad\u00edsticos.<\/p>\n<p>Para ejercitar tus derechos de acceso, rectificaci\u00f3n, cancelaci\u00f3n, as\u00ed como tu derecho de oposici\u00f3n en los t\u00e9rminos legalmente establecidos, puedes dirigir una solicitud por escrito a la empresa responsable de los ficheros, adjuntando copia de tu documento de identidad.<\/p>\n<p><strong>SI ERES MENOR DE 14 A\u00d1OS, NECESITAMOS EL CONSENTIMIENTO DE TUS PADRES O TUTORES LEGALES.<\/strong><\/p>\n<p>Para obtenerlo, nos pondremos en contacto con ellos y les pediremos que confirmen que son tu madre, padre o tutores legales y que otorgan su consentimiento, momento en el que podremos aceptar tu solicitud.<\/p>\n<p>Para ejercitar tus derechos de acceso, rectificaci\u00f3n, cancelaci\u00f3n, oposici\u00f3n, portabilidad de datos y limitaci\u00f3n del tratamiento en los t\u00e9rminos legalmente previstos, puedes dirigir una solicitud por escrito a la empresa responsable de los ficheros, adjuntando copia de tu documento de identidad.<\/p>\n<p><strong>LEGISLACI\u00d3N Y JURISDICCI\u00d3N APLICABLES<\/strong><\/p>\n<p>Estos T\u00e9rminos y Condiciones se rigen por la legislaci\u00f3n espa\u00f1ola. Las partes podr\u00e1n optar por someter la resoluci\u00f3n de cualquier litigio a los Tribunales del domicilio del consumidor, con renuncia expresa a cualquier otro fuero.<\/p>\n<\/div><\/div><\/div><\/div><\/div><\/div><\/div><\/section>\n\n\n<div class=\"kk-star-ratings kksr-auto kksr-align-center kksr-valign-bottom\"\n    data-payload='{&quot;align&quot;:&quot;center&quot;,&quot;id&quot;:&quot;1085&quot;,&quot;slug&quot;:&quot;default&quot;,&quot;valign&quot;:&quot;bottom&quot;,&quot;ignore&quot;:&quot;&quot;,&quot;reference&quot;:&quot;auto&quot;,&quot;class&quot;:&quot;&quot;,&quot;count&quot;:&quot;0&quot;,&quot;legendonly&quot;:&quot;&quot;,&quot;readonly&quot;:&quot;&quot;,&quot;score&quot;:&quot;0&quot;,&quot;starsonly&quot;:&quot;&quot;,&quot;best&quot;:&quot;5&quot;,&quot;gap&quot;:&quot;5&quot;,&quot;greet&quot;:&quot;&quot;,&quot;legend&quot;:&quot;0\\\/5 - (0 votos)&quot;,&quot;size&quot;:&quot;24&quot;,&quot;title&quot;:&quot;Condiciones generales&quot;,&quot;width&quot;:&quot;0&quot;,&quot;_legend&quot;:&quot;{score}\\\/{best} - ({count} {votes})&quot;,&quot;font_factor&quot;:&quot;1.25&quot;}'>\n            \n<div class=\"kksr-stars\">\n    \n<div class=\"kksr-stars-inactive\">\n            <div class=\"kksr-star\" data-star=\"1\" style=\"padding-right: 5px\">\n            \n\n<div class=\"kksr-icon\" style=\"width: 24px; height: 24px;\"><\/div>\n        <\/div>\n            <div class=\"kksr-star\" data-star=\"2\" style=\"padding-right: 5px\">\n            \n\n<div class=\"kksr-icon\" style=\"width: 24px; height: 24px;\"><\/div>\n        <\/div>\n            <div class=\"kksr-star\" data-star=\"3\" style=\"padding-right: 5px\">\n            \n\n<div class=\"kksr-icon\" style=\"width: 24px; height: 24px;\"><\/div>\n        <\/div>\n            <div class=\"kksr-star\" data-star=\"4\" style=\"padding-right: 5px\">\n            \n\n<div class=\"kksr-icon\" style=\"width: 24px; height: 24px;\"><\/div>\n        <\/div>\n            <div class=\"kksr-star\" data-star=\"5\" style=\"padding-right: 5px\">\n            \n\n<div class=\"kksr-icon\" style=\"width: 24px; height: 24px;\"><\/div>\n        <\/div>\n    <\/div>\n    \n<div class=\"kksr-stars-active\" style=\"width: 0px;\">\n            <div class=\"kksr-star\" style=\"padding-right: 5px\">\n            \n\n<div class=\"kksr-icon\" style=\"width: 24px; height: 24px;\"><\/div>\n        <\/div>\n            <div class=\"kksr-star\" style=\"padding-right: 5px\">\n            \n\n<div class=\"kksr-icon\" style=\"width: 24px; height: 24px;\"><\/div>\n        <\/div>\n            <div class=\"kksr-star\" style=\"padding-right: 5px\">\n            \n\n<div class=\"kksr-icon\" style=\"width: 24px; height: 24px;\"><\/div>\n        <\/div>\n            <div class=\"kksr-star\" style=\"padding-right: 5px\">\n            \n\n<div class=\"kksr-icon\" style=\"width: 24px; height: 24px;\"><\/div>\n        <\/div>\n            <div class=\"kksr-star\" style=\"padding-right: 5px\">\n            \n\n<div class=\"kksr-icon\" style=\"width: 24px; height: 24px;\"><\/div>\n        <\/div>\n    <\/div>\n<\/div>\n                \n\n<div class=\"kksr-legend\" style=\"font-size: 19.2px;\">\n            <span class=\"kksr-muted\"><\/span>\n    <\/div>\n    <\/div>\n","protected":false},"excerpt":{"rendered":"[vc_custom_heading text=\"Condiciones generales\" font_container=\"tag:h1|text_align:left\" use_theme_fonts=\"yes\"]I. PROPIEDAD DEL SITIO WEB Marbella Charter Experiences SLU (en adelante Rangers Safari Tours), empresa espa\u00f1ola con CIF n\u00fam. B93107266, y domicilio social en Urb. La Montua 39, 29602, Marbella, M\u00e1laga, Espa\u00f1a es la titular del sitio web rangerssafaritours.com. Atenci\u00f3n al cliente: info@rangerssafaritours.com II. CONDICIONES GENERALES Las presentes Condiciones de Compra...","protected":false},"author":1,"featured_media":0,"parent":0,"menu_order":0,"comment_status":"closed","ping_status":"open","template":"","meta":{"_acf_changed":false,"footnotes":""},"class_list":["post-1085","page","type-page","status-publish","hentry"],"acf":[],"yoast_head":"<!-- This site is optimized with the Yoast SEO plugin v27.4 - https:\/\/yoast.com\/product\/yoast-seo-wordpress\/ -->\n<title>Condiciones generales &#8902; Rangers Safari Tours<\/title>\n<meta name=\"robots\" content=\"noindex, follow\" \/>\n<meta property=\"og:locale\" content=\"es_ES\" \/>\n<meta property=\"og:type\" content=\"article\" \/>\n<meta property=\"og:title\" content=\"Condiciones generales &#8902; Rangers Safari Tours\" \/>\n<meta property=\"og:url\" content=\"https:\/\/rangerssafaritours.com\/es\/condiciones-generales\/\" \/>\n<meta property=\"og:site_name\" content=\"Rangers Safari Tours\" \/>\n<meta property=\"article:modified_time\" content=\"2025-04-09T11:00:09+00:00\" \/>\n<meta name=\"twitter:card\" content=\"summary_large_image\" \/>\n<meta name=\"twitter:label1\" content=\"Tiempo de lectura\" \/>\n\t<meta name=\"twitter:data1\" content=\"11 minutos\" \/>\n<script type=\"application\/ld+json\" class=\"yoast-schema-graph\">{\"@context\":\"https:\\\/\\\/schema.org\",\"@graph\":[{\"@type\":\"WebPage\",\"@id\":\"https:\\\/\\\/rangerssafaritours.com\\\/es\\\/condiciones-generales\\\/\",\"url\":\"https:\\\/\\\/rangerssafaritours.com\\\/es\\\/condiciones-generales\\\/\",\"name\":\"Condiciones generales &#8902; Rangers Safari Tours\",\"isPartOf\":{\"@id\":\"https:\\\/\\\/rangerssafaritours.com\\\/#website\"},\"datePublished\":\"2022-09-30T11:44:00+00:00\",\"dateModified\":\"2025-04-09T11:00:09+00:00\",\"breadcrumb\":{\"@id\":\"https:\\\/\\\/rangerssafaritours.com\\\/es\\\/condiciones-generales\\\/#breadcrumb\"},\"inLanguage\":\"es\",\"potentialAction\":[{\"@type\":\"ReadAction\",\"target\":[\"https:\\\/\\\/rangerssafaritours.com\\\/es\\\/condiciones-generales\\\/\"]}]},{\"@type\":\"BreadcrumbList\",\"@id\":\"https:\\\/\\\/rangerssafaritours.com\\\/es\\\/condiciones-generales\\\/#breadcrumb\",\"itemListElement\":[{\"@type\":\"ListItem\",\"position\":1,\"name\":\"Portada\",\"item\":\"https:\\\/\\\/rangerssafaritours.com\\\/es\\\/\"},{\"@type\":\"ListItem\",\"position\":2,\"name\":\"Condiciones generales\"}]},{\"@type\":\"WebSite\",\"@id\":\"https:\\\/\\\/rangerssafaritours.com\\\/#website\",\"url\":\"https:\\\/\\\/rangerssafaritours.com\\\/\",\"name\":\"Rangers Safari Tours\",\"description\":\"\",\"publisher\":{\"@id\":\"https:\\\/\\\/rangerssafaritours.com\\\/#organization\"},\"potentialAction\":[{\"@type\":\"SearchAction\",\"target\":{\"@type\":\"EntryPoint\",\"urlTemplate\":\"https:\\\/\\\/rangerssafaritours.com\\\/?s={search_term_string}\"},\"query-input\":{\"@type\":\"PropertyValueSpecification\",\"valueRequired\":true,\"valueName\":\"search_term_string\"}}],\"inLanguage\":\"es\"},{\"@type\":\"Organization\",\"@id\":\"https:\\\/\\\/rangerssafaritours.com\\\/#organization\",\"name\":\"Rangers Safari Tours\",\"url\":\"https:\\\/\\\/rangerssafaritours.com\\\/\",\"logo\":{\"@type\":\"ImageObject\",\"inLanguage\":\"es\",\"@id\":\"https:\\\/\\\/rangerssafaritours.com\\\/#\\\/schema\\\/logo\\\/image\\\/\",\"url\":\"https:\\\/\\\/rangerssafaritours.com\\\/wp-content\\\/uploads\\\/2025\\\/04\\\/organization-logo.png\",\"contentUrl\":\"https:\\\/\\\/rangerssafaritours.com\\\/wp-content\\\/uploads\\\/2025\\\/04\\\/organization-logo.png\",\"width\":346,\"height\":91,\"caption\":\"Rangers Safari Tours\"},\"image\":{\"@id\":\"https:\\\/\\\/rangerssafaritours.com\\\/#\\\/schema\\\/logo\\\/image\\\/\"}}]}<\/script>\n<!-- \/ Yoast SEO plugin. -->","yoast_head_json":{"title":"Condiciones generales &#8902; Rangers Safari Tours","robots":{"index":"noindex","follow":"follow"},"og_locale":"es_ES","og_type":"article","og_title":"Condiciones generales &#8902; Rangers Safari Tours","og_url":"https:\/\/rangerssafaritours.com\/es\/condiciones-generales\/","og_site_name":"Rangers Safari Tours","article_modified_time":"2025-04-09T11:00:09+00:00","twitter_card":"summary_large_image","twitter_misc":{"Tiempo de lectura":"11 minutos"},"schema":{"@context":"https:\/\/schema.org","@graph":[{"@type":"WebPage","@id":"https:\/\/rangerssafaritours.com\/es\/condiciones-generales\/","url":"https:\/\/rangerssafaritours.com\/es\/condiciones-generales\/","name":"Condiciones generales &#8902; Rangers Safari Tours","isPartOf":{"@id":"https:\/\/rangerssafaritours.com\/#website"},"datePublished":"2022-09-30T11:44:00+00:00","dateModified":"2025-04-09T11:00:09+00:00","breadcrumb":{"@id":"https:\/\/rangerssafaritours.com\/es\/condiciones-generales\/#breadcrumb"},"inLanguage":"es","potentialAction":[{"@type":"ReadAction","target":["https:\/\/rangerssafaritours.com\/es\/condiciones-generales\/"]}]},{"@type":"BreadcrumbList","@id":"https:\/\/rangerssafaritours.com\/es\/condiciones-generales\/#breadcrumb","itemListElement":[{"@type":"ListItem","position":1,"name":"Portada","item":"https:\/\/rangerssafaritours.com\/es\/"},{"@type":"ListItem","position":2,"name":"Condiciones generales"}]},{"@type":"WebSite","@id":"https:\/\/rangerssafaritours.com\/#website","url":"https:\/\/rangerssafaritours.com\/","name":"Rangers Safari Tours","description":"","publisher":{"@id":"https:\/\/rangerssafaritours.com\/#organization"},"potentialAction":[{"@type":"SearchAction","target":{"@type":"EntryPoint","urlTemplate":"https:\/\/rangerssafaritours.com\/?s={search_term_string}"},"query-input":{"@type":"PropertyValueSpecification","valueRequired":true,"valueName":"search_term_string"}}],"inLanguage":"es"},{"@type":"Organization","@id":"https:\/\/rangerssafaritours.com\/#organization","name":"Rangers Safari Tours","url":"https:\/\/rangerssafaritours.com\/","logo":{"@type":"ImageObject","inLanguage":"es","@id":"https:\/\/rangerssafaritours.com\/#\/schema\/logo\/image\/","url":"https:\/\/rangerssafaritours.com\/wp-content\/uploads\/2025\/04\/organization-logo.png","contentUrl":"https:\/\/rangerssafaritours.com\/wp-content\/uploads\/2025\/04\/organization-logo.png","width":346,"height":91,"caption":"Rangers Safari Tours"},"image":{"@id":"https:\/\/rangerssafaritours.com\/#\/schema\/logo\/image\/"}}]}},"_links":{"self":[{"href":"https:\/\/rangerssafaritours.com\/es\/wp-json\/wp\/v2\/pages\/1085","targetHints":{"allow":["GET"]}}],"collection":[{"href":"https:\/\/rangerssafaritours.com\/es\/wp-json\/wp\/v2\/pages"}],"about":[{"href":"https:\/\/rangerssafaritours.com\/es\/wp-json\/wp\/v2\/types\/page"}],"author":[{"embeddable":true,"href":"https:\/\/rangerssafaritours.com\/es\/wp-json\/wp\/v2\/users\/1"}],"replies":[{"embeddable":true,"href":"https:\/\/rangerssafaritours.com\/es\/wp-json\/wp\/v2\/comments?post=1085"}],"version-history":[{"count":2,"href":"https:\/\/rangerssafaritours.com\/es\/wp-json\/wp\/v2\/pages\/1085\/revisions"}],"predecessor-version":[{"id":1087,"href":"https:\/\/rangerssafaritours.com\/es\/wp-json\/wp\/v2\/pages\/1085\/revisions\/1087"}],"wp:attachment":[{"href":"https:\/\/rangerssafaritours.com\/es\/wp-json\/wp\/v2\/media?parent=1085"}],"curies":[{"name":"wp","href":"https:\/\/api.w.org\/{rel}","templated":true}]}}