{"id":1101,"date":"2022-09-30T10:24:42","date_gmt":"2022-09-30T08:24:42","guid":{"rendered":"https:\/\/rangerssafaritours.com\/politica-de-privacidad\/"},"modified":"2025-04-09T13:02:49","modified_gmt":"2025-04-09T11:02:49","slug":"politica-de-privacidad","status":"publish","type":"page","link":"https:\/\/rangerssafaritours.com\/es\/politica-de-privacidad\/","title":{"rendered":"Pol\u00edtica de privacidad"},"content":{"rendered":"<section class=\"l-section wpb_row height_large\"><div class=\"l-section-h i-cf\"><div class=\"g-cols vc_row via_flex valign_top type_default stacking_default\"><div class=\"vc_col-sm-12 wpb_column vc_column_container\"><div class=\"vc_column-inner\"><div class=\"wpb_wrapper\">[vc_custom_heading text=\u00bbPol\u00edtica de privacidad\u00bb font_container=\u00bbtag:h1|text_align:left\u00bb use_theme_fonts=\u00bbyes\u00bb]<div class=\"wpb_text_column\"><div class=\"wpb_wrapper\"><p>La direcci\u00f3n de nuestro sitio web es rangerssafaritours.com.<\/p>\n<p>La informaci\u00f3n que figura a continuaci\u00f3n explica las restricciones legales y reglamentarias en relaci\u00f3n con Rangers Safari Tours. Si aceptas las condiciones que figuran a continuaci\u00f3n y deseas entrar en el sitio web, esta p\u00e1gina constituye un acuerdo legal vinculante.<\/p>\n<p>Lee atentamente esta pol\u00edtica, que puede estar sujeta a cambios sin previo aviso. Tu uso continuado del sitio web tras cualquier cambio significar\u00e1 que aceptas dichos cambios. Si no est\u00e1s de acuerdo con la pol\u00edtica, o resides en una jurisdicci\u00f3n (por ejemplo, Estados Unidos) en la que no est\u00e1 permitido el acceso al sitio y a la informaci\u00f3n que contiene, sal del sitio web. Rangers Safari Tours no se hace responsable de las falsedades que puedas cometer al acceder sin autorizaci\u00f3n al sitio.<\/p>\n<p>La informaci\u00f3n de este sitio web ha sido publicada por Rangers Safari Tours.<\/p>\n<p>Rangers Safari Tours, con direcci\u00f3n en Urb. La Montua 39, 29602 Marbella, M\u00e1laga, Espa\u00f1a y con direcci\u00f3n de correo electr\u00f3nico <a href=\"mailto:info@rangerssafaritours.com\">info@rangerssafaritours.com<\/a> (en adelante, la \u00abEmpresa\u00bb) informa a los usuarios, en cumplimiento del art\u00edculo 5 de la Ley Org\u00e1nica 15\/1999, de 13 de diciembre, de Protecci\u00f3n de Datos de Car\u00e1cter Personal (en adelante, \u00abLOPD\u00bb), de su pol\u00edtica de protecci\u00f3n de datos de car\u00e1cter personal para que estos determinen de forma expresa, libre y voluntaria, si desean facilitar a la Empresa los datos personales que se les solicitan en el sitio web para la prestaci\u00f3n de sus servicios.<\/p>\n<p>Este aviso tambi\u00e9n informa a los usuarios de la incorporaci\u00f3n de los datos recogidos a un fichero que ha sido debidamente inscrito en el Registro General de Protecci\u00f3n de Datos. El fichero es propiedad y est\u00e1 gestionado por la Empresa y conserva los datos de acuerdo con las finalidades especificadas y dem\u00e1s disposiciones establecidas en la presente pol\u00edtica de privacidad, para lo cual nos das tu consentimiento expreso e inequ\u00edvoco.<\/p>\n<p><strong>RECOGIDA DE DATOS Y USOS PREVISTOS<\/strong><\/p>\n<p>La recogida de datos personales se produce mediante la recepci\u00f3n de datos transmitidos, ya sea a trav\u00e9s de un formulario de contacto contenido en el sitio web o por correo electr\u00f3nico.<\/p>\n<p>Los datos solicitados son los adecuados, pertinentes y no excesivos en relaci\u00f3n con el \u00e1mbito, las finalidades y servicios determinados, expl\u00edcitos y leg\u00edtimos de la Empresa. Los formularios deben cumplimentarse con datos veraces, exactos, completos y actualizados, siendo conscientes de que pueden producirse da\u00f1os por la cumplimentaci\u00f3n defectuosa del formulario con datos falsos, inexactos, incompletos o no actualizados.<\/p>\n<p><strong>DATOS PERSONALES Y DE LA EMPRESA<\/strong><\/p>\n<p>Las solicitudes de informaci\u00f3n de empresas y particulares recibidas a trav\u00e9s de la presentaci\u00f3n de formularios de solicitud de informaci\u00f3n u otro tipo de solicitudes de informaci\u00f3n, al responsable del fichero ser\u00e1n tratadas de forma que se facilite la solicitud y se proporcione informaci\u00f3n sobre nuestros servicios y productos actuales y futuros que puedan ser de inter\u00e9s.<\/p>\n<p>La aceptaci\u00f3n expresa del tratamiento de los datos con las finalidades antes indicadas, supone la pulsaci\u00f3n del bot\u00f3n \u00abENVIAR\u00bb del formulario de solicitud de informaci\u00f3n (o cualquier otra opci\u00f3n dada para el env\u00edo de los datos) de conformidad con lo establecido en el art\u00edculo 21 de la Ley 34\/2002 de Servicios de la Sociedad de la Informaci\u00f3n y de Comercio Electr\u00f3nico, para el env\u00edo de comunicaciones comerciales por correo electr\u00f3nico y otros medios de comunicaci\u00f3n electr\u00f3nica equivalentes.<\/p>\n<p>Los usuarios podr\u00e1n oponerse al tratamiento de sus datos con las finalidades antes mencionadas, dirigi\u00e9ndose por escrito a la direcci\u00f3n de la Empresa, incluyendo en cada caso la acreditaci\u00f3n de su identidad para poder ejercitar este derecho de oposici\u00f3n.<\/p>\n<p><strong>MEDIDAS DE SEGURIDAD<\/strong><\/p>\n<p>La Empresa ha adoptado los niveles de seguridad de protecci\u00f3n de los datos personales exigidos en la legislaci\u00f3n vigente de protecci\u00f3n de datos, instalando las medidas t\u00e9cnicas y organizativas necesarias para evitar la p\u00e9rdida, mal uso, alteraci\u00f3n, acceso no autorizado y dem\u00e1s riesgos posibles.<\/p>\n<p>Del mismo modo, la Empresa se compromete a cumplir con la obligaci\u00f3n de secreto respecto a los datos contenidos en los registros informatizados, tal y como se define en la legislaci\u00f3n aplicable en materia de protecci\u00f3n de datos. En particular, la Empresa ha suscrito los oportunos contratos de confidencialidad y protecci\u00f3n de datos con todos los terceros que tienen acceso a datos de car\u00e1cter personal titularidad de la Empresa en virtud de lo dispuesto en el art\u00edculo 12 de la LOPD, comprometi\u00e9ndose dichos terceros al tratamiento de los datos con la \u00fanica finalidad de prestar los servicios contratados por la Empresa y a adoptar las medidas de seguridad inform\u00e1tica y organizativa adecuadas. La Empresa informa de que los datos recogidos en el sitio web tienen lugar en un entorno tecnol\u00f3gico y que aplica altos niveles de seguridad y confidencialidad en la transmisi\u00f3n de la informaci\u00f3n. No obstante, el usuario debe ser consciente de que las medidas de seguridad en Internet no son infalibles.<\/p>\n<p>El usuario o la persona que lo represente podr\u00e1, en cualquier momento, ejercitar los derechos de acceso, rectificaci\u00f3n, cancelaci\u00f3n y, en su caso, oposici\u00f3n de acuerdo con la LOPD y dem\u00e1s normativa aplicable. Estos derechos pueden ejercerse mediante notificaci\u00f3n por escrito a la Empresa:<\/p>\n<p><strong>Rangers Safari Tours<\/strong><br \/>\nUrb. La Montua 39<br \/>\n29602 Marbella<br \/>\nM\u00e1laga<br \/>\nEspa\u00f1a<\/p>\n<p>o por correo electr\u00f3nico a: <a href=\"mailto:info@rangerssafaritours.com\">info@rangerssafaritours.com<\/a><\/p>\n<p>La Empresa se reserva el derecho a modificar la presente pol\u00edtica de privacidad de datos para adaptarla a las novedades o modificaciones legislativas y jurisprudenciales, as\u00ed como a las interpretaciones que de las mismas pueda hacer p\u00fablicas la Agencia Espa\u00f1ola de Protecci\u00f3n de Datos. En este caso, la Empresa anunciar\u00e1 estos cambios en el sitio web con suficiente antelaci\u00f3n a su aplicaci\u00f3n.<\/p>\n<\/div><\/div><\/div><\/div><\/div><\/div><\/div><\/section>\n\n\n<div class=\"kk-star-ratings kksr-auto kksr-align-center kksr-valign-bottom\"\n    data-payload='{&quot;align&quot;:&quot;center&quot;,&quot;id&quot;:&quot;1101&quot;,&quot;slug&quot;:&quot;default&quot;,&quot;valign&quot;:&quot;bottom&quot;,&quot;ignore&quot;:&quot;&quot;,&quot;reference&quot;:&quot;auto&quot;,&quot;class&quot;:&quot;&quot;,&quot;count&quot;:&quot;0&quot;,&quot;legendonly&quot;:&quot;&quot;,&quot;readonly&quot;:&quot;&quot;,&quot;score&quot;:&quot;0&quot;,&quot;starsonly&quot;:&quot;&quot;,&quot;best&quot;:&quot;5&quot;,&quot;gap&quot;:&quot;5&quot;,&quot;greet&quot;:&quot;&quot;,&quot;legend&quot;:&quot;0\\\/5 - (0 votos)&quot;,&quot;size&quot;:&quot;24&quot;,&quot;title&quot;:&quot;Pol\u00edtica de privacidad&quot;,&quot;width&quot;:&quot;0&quot;,&quot;_legend&quot;:&quot;{score}\\\/{best} - ({count} {votes})&quot;,&quot;font_factor&quot;:&quot;1.25&quot;}'>\n            \n<div class=\"kksr-stars\">\n    \n<div class=\"kksr-stars-inactive\">\n            <div class=\"kksr-star\" data-star=\"1\" style=\"padding-right: 5px\">\n            \n\n<div class=\"kksr-icon\" style=\"width: 24px; height: 24px;\"><\/div>\n        <\/div>\n            <div class=\"kksr-star\" data-star=\"2\" style=\"padding-right: 5px\">\n            \n\n<div class=\"kksr-icon\" style=\"width: 24px; height: 24px;\"><\/div>\n        <\/div>\n            <div class=\"kksr-star\" data-star=\"3\" style=\"padding-right: 5px\">\n            \n\n<div class=\"kksr-icon\" style=\"width: 24px; height: 24px;\"><\/div>\n        <\/div>\n            <div class=\"kksr-star\" data-star=\"4\" style=\"padding-right: 5px\">\n            \n\n<div class=\"kksr-icon\" style=\"width: 24px; height: 24px;\"><\/div>\n        <\/div>\n            <div class=\"kksr-star\" data-star=\"5\" style=\"padding-right: 5px\">\n            \n\n<div class=\"kksr-icon\" style=\"width: 24px; height: 24px;\"><\/div>\n        <\/div>\n    <\/div>\n    \n<div class=\"kksr-stars-active\" style=\"width: 0px;\">\n            <div class=\"kksr-star\" style=\"padding-right: 5px\">\n            \n\n<div class=\"kksr-icon\" style=\"width: 24px; height: 24px;\"><\/div>\n        <\/div>\n            <div class=\"kksr-star\" style=\"padding-right: 5px\">\n            \n\n<div class=\"kksr-icon\" style=\"width: 24px; height: 24px;\"><\/div>\n        <\/div>\n            <div class=\"kksr-star\" style=\"padding-right: 5px\">\n            \n\n<div class=\"kksr-icon\" style=\"width: 24px; height: 24px;\"><\/div>\n        <\/div>\n            <div class=\"kksr-star\" style=\"padding-right: 5px\">\n            \n\n<div class=\"kksr-icon\" style=\"width: 24px; height: 24px;\"><\/div>\n        <\/div>\n            <div class=\"kksr-star\" style=\"padding-right: 5px\">\n            \n\n<div class=\"kksr-icon\" style=\"width: 24px; height: 24px;\"><\/div>\n        <\/div>\n    <\/div>\n<\/div>\n                \n\n<div class=\"kksr-legend\" style=\"font-size: 19.2px;\">\n            <span class=\"kksr-muted\"><\/span>\n    <\/div>\n    <\/div>\n","protected":false},"excerpt":{"rendered":"[vc_custom_heading text=\"Pol\u00edtica de privacidad\" font_container=\"tag:h1|text_align:left\" use_theme_fonts=\"yes\"]La direcci\u00f3n de nuestro sitio web es rangerssafaritours.com. La informaci\u00f3n que figura a continuaci\u00f3n explica las restricciones legales y reglamentarias en relaci\u00f3n con Rangers Safari Tours. Si aceptas las condiciones que figuran a continuaci\u00f3n y deseas entrar en el sitio web, esta p\u00e1gina constituye un acuerdo legal vinculante. Lee atentamente...","protected":false},"author":1,"featured_media":0,"parent":0,"menu_order":0,"comment_status":"closed","ping_status":"open","template":"","meta":{"_acf_changed":false,"footnotes":""},"class_list":["post-1101","page","type-page","status-publish","hentry"],"acf":[],"yoast_head":"<!-- This site is optimized with the Yoast SEO plugin v27.4 - https:\/\/yoast.com\/product\/yoast-seo-wordpress\/ -->\n<title>Pol\u00edtica de privacidad &#8902; Rangers Safari Tours<\/title>\n<meta name=\"robots\" content=\"noindex, follow\" \/>\n<meta property=\"og:locale\" content=\"es_ES\" \/>\n<meta property=\"og:type\" content=\"article\" \/>\n<meta property=\"og:title\" content=\"Pol\u00edtica de privacidad &#8902; Rangers Safari Tours\" \/>\n<meta property=\"og:url\" content=\"https:\/\/rangerssafaritours.com\/es\/politica-de-privacidad\/\" \/>\n<meta property=\"og:site_name\" content=\"Rangers Safari Tours\" \/>\n<meta property=\"article:modified_time\" content=\"2025-04-09T11:02:49+00:00\" \/>\n<meta name=\"twitter:card\" content=\"summary_large_image\" \/>\n<meta name=\"twitter:label1\" content=\"Tiempo de lectura\" \/>\n\t<meta name=\"twitter:data1\" content=\"5 minutos\" \/>\n<script type=\"application\/ld+json\" class=\"yoast-schema-graph\">{\"@context\":\"https:\\\/\\\/schema.org\",\"@graph\":[{\"@type\":\"WebPage\",\"@id\":\"https:\\\/\\\/rangerssafaritours.com\\\/es\\\/politica-de-privacidad\\\/\",\"url\":\"https:\\\/\\\/rangerssafaritours.com\\\/es\\\/politica-de-privacidad\\\/\",\"name\":\"Pol\u00edtica de privacidad &#8902; Rangers Safari Tours\",\"isPartOf\":{\"@id\":\"https:\\\/\\\/rangerssafaritours.com\\\/#website\"},\"datePublished\":\"2022-09-30T08:24:42+00:00\",\"dateModified\":\"2025-04-09T11:02:49+00:00\",\"breadcrumb\":{\"@id\":\"https:\\\/\\\/rangerssafaritours.com\\\/es\\\/politica-de-privacidad\\\/#breadcrumb\"},\"inLanguage\":\"es\",\"potentialAction\":[{\"@type\":\"ReadAction\",\"target\":[\"https:\\\/\\\/rangerssafaritours.com\\\/es\\\/politica-de-privacidad\\\/\"]}]},{\"@type\":\"BreadcrumbList\",\"@id\":\"https:\\\/\\\/rangerssafaritours.com\\\/es\\\/politica-de-privacidad\\\/#breadcrumb\",\"itemListElement\":[{\"@type\":\"ListItem\",\"position\":1,\"name\":\"Portada\",\"item\":\"https:\\\/\\\/rangerssafaritours.com\\\/es\\\/\"},{\"@type\":\"ListItem\",\"position\":2,\"name\":\"Pol\u00edtica de privacidad\"}]},{\"@type\":\"WebSite\",\"@id\":\"https:\\\/\\\/rangerssafaritours.com\\\/#website\",\"url\":\"https:\\\/\\\/rangerssafaritours.com\\\/\",\"name\":\"Rangers Safari Tours\",\"description\":\"\",\"publisher\":{\"@id\":\"https:\\\/\\\/rangerssafaritours.com\\\/#organization\"},\"potentialAction\":[{\"@type\":\"SearchAction\",\"target\":{\"@type\":\"EntryPoint\",\"urlTemplate\":\"https:\\\/\\\/rangerssafaritours.com\\\/?s={search_term_string}\"},\"query-input\":{\"@type\":\"PropertyValueSpecification\",\"valueRequired\":true,\"valueName\":\"search_term_string\"}}],\"inLanguage\":\"es\"},{\"@type\":\"Organization\",\"@id\":\"https:\\\/\\\/rangerssafaritours.com\\\/#organization\",\"name\":\"Rangers Safari Tours\",\"url\":\"https:\\\/\\\/rangerssafaritours.com\\\/\",\"logo\":{\"@type\":\"ImageObject\",\"inLanguage\":\"es\",\"@id\":\"https:\\\/\\\/rangerssafaritours.com\\\/#\\\/schema\\\/logo\\\/image\\\/\",\"url\":\"https:\\\/\\\/rangerssafaritours.com\\\/wp-content\\\/uploads\\\/2025\\\/04\\\/organization-logo.png\",\"contentUrl\":\"https:\\\/\\\/rangerssafaritours.com\\\/wp-content\\\/uploads\\\/2025\\\/04\\\/organization-logo.png\",\"width\":346,\"height\":91,\"caption\":\"Rangers Safari Tours\"},\"image\":{\"@id\":\"https:\\\/\\\/rangerssafaritours.com\\\/#\\\/schema\\\/logo\\\/image\\\/\"}}]}<\/script>\n<!-- \/ Yoast SEO plugin. -->","yoast_head_json":{"title":"Pol\u00edtica de privacidad &#8902; Rangers Safari Tours","robots":{"index":"noindex","follow":"follow"},"og_locale":"es_ES","og_type":"article","og_title":"Pol\u00edtica de privacidad &#8902; Rangers Safari Tours","og_url":"https:\/\/rangerssafaritours.com\/es\/politica-de-privacidad\/","og_site_name":"Rangers Safari Tours","article_modified_time":"2025-04-09T11:02:49+00:00","twitter_card":"summary_large_image","twitter_misc":{"Tiempo de lectura":"5 minutos"},"schema":{"@context":"https:\/\/schema.org","@graph":[{"@type":"WebPage","@id":"https:\/\/rangerssafaritours.com\/es\/politica-de-privacidad\/","url":"https:\/\/rangerssafaritours.com\/es\/politica-de-privacidad\/","name":"Pol\u00edtica de privacidad &#8902; Rangers Safari Tours","isPartOf":{"@id":"https:\/\/rangerssafaritours.com\/#website"},"datePublished":"2022-09-30T08:24:42+00:00","dateModified":"2025-04-09T11:02:49+00:00","breadcrumb":{"@id":"https:\/\/rangerssafaritours.com\/es\/politica-de-privacidad\/#breadcrumb"},"inLanguage":"es","potentialAction":[{"@type":"ReadAction","target":["https:\/\/rangerssafaritours.com\/es\/politica-de-privacidad\/"]}]},{"@type":"BreadcrumbList","@id":"https:\/\/rangerssafaritours.com\/es\/politica-de-privacidad\/#breadcrumb","itemListElement":[{"@type":"ListItem","position":1,"name":"Portada","item":"https:\/\/rangerssafaritours.com\/es\/"},{"@type":"ListItem","position":2,"name":"Pol\u00edtica de privacidad"}]},{"@type":"WebSite","@id":"https:\/\/rangerssafaritours.com\/#website","url":"https:\/\/rangerssafaritours.com\/","name":"Rangers Safari Tours","description":"","publisher":{"@id":"https:\/\/rangerssafaritours.com\/#organization"},"potentialAction":[{"@type":"SearchAction","target":{"@type":"EntryPoint","urlTemplate":"https:\/\/rangerssafaritours.com\/?s={search_term_string}"},"query-input":{"@type":"PropertyValueSpecification","valueRequired":true,"valueName":"search_term_string"}}],"inLanguage":"es"},{"@type":"Organization","@id":"https:\/\/rangerssafaritours.com\/#organization","name":"Rangers Safari Tours","url":"https:\/\/rangerssafaritours.com\/","logo":{"@type":"ImageObject","inLanguage":"es","@id":"https:\/\/rangerssafaritours.com\/#\/schema\/logo\/image\/","url":"https:\/\/rangerssafaritours.com\/wp-content\/uploads\/2025\/04\/organization-logo.png","contentUrl":"https:\/\/rangerssafaritours.com\/wp-content\/uploads\/2025\/04\/organization-logo.png","width":346,"height":91,"caption":"Rangers Safari Tours"},"image":{"@id":"https:\/\/rangerssafaritours.com\/#\/schema\/logo\/image\/"}}]}},"_links":{"self":[{"href":"https:\/\/rangerssafaritours.com\/es\/wp-json\/wp\/v2\/pages\/1101","targetHints":{"allow":["GET"]}}],"collection":[{"href":"https:\/\/rangerssafaritours.com\/es\/wp-json\/wp\/v2\/pages"}],"about":[{"href":"https:\/\/rangerssafaritours.com\/es\/wp-json\/wp\/v2\/types\/page"}],"author":[{"embeddable":true,"href":"https:\/\/rangerssafaritours.com\/es\/wp-json\/wp\/v2\/users\/1"}],"replies":[{"embeddable":true,"href":"https:\/\/rangerssafaritours.com\/es\/wp-json\/wp\/v2\/comments?post=1101"}],"version-history":[{"count":1,"href":"https:\/\/rangerssafaritours.com\/es\/wp-json\/wp\/v2\/pages\/1101\/revisions"}],"predecessor-version":[{"id":1104,"href":"https:\/\/rangerssafaritours.com\/es\/wp-json\/wp\/v2\/pages\/1101\/revisions\/1104"}],"wp:attachment":[{"href":"https:\/\/rangerssafaritours.com\/es\/wp-json\/wp\/v2\/media?parent=1101"}],"curies":[{"name":"wp","href":"https:\/\/api.w.org\/{rel}","templated":true}]}}