{"id":2267,"date":"2025-03-28T18:02:55","date_gmt":"2025-03-28T16:02:55","guid":{"rendered":"https:\/\/rangerssafaritours.com\/a-propos-de\/"},"modified":"2025-07-09T15:32:11","modified_gmt":"2025-07-09T13:32:11","slug":"a-propos-de","status":"publish","type":"page","link":"https:\/\/rangerssafaritours.com\/fr\/a-propos-de\/","title":{"rendered":"A propos de"},"content":{"rendered":"<section class=\"l-section wpb_row us_custom_85b77e80 height_small color_alternate\"><div class=\"l-section-overlay\" style=\"background:rgba(33,19,73,0.65)\"><\/div><div class=\"l-section-h i-cf\"><div class=\"g-cols vc_row via_flex valign_top type_default stacking_default\"><div class=\"vc_col-sm-12 wpb_column vc_column_container\"><div class=\"vc_column-inner\"><div class=\"wpb_wrapper\"><div class=\"w-text us_custom_2dcca5f6 pretitle\"><span class=\"w-text-h\"><span class=\"w-text-value\">Rangers Safari Tours<\/span><\/span><\/div>[vc_custom_heading text=\u00a0\u00bb\u00c0 propos de Rangers Safari Tours\u00a0\u00bb font_container=\u00a0\u00bbtag:h1|text_align:center\u00a0\u00bb use_theme_fonts=\u00a0\u00bbyes\u00a0\u00bb css=\u00a0\u00bb%7B%22default%22%3A%7B%22padding-top%22%3A%220%22%7D%7D\u00a0\u00bb]<div class=\"w-image us_custom_92b2762d align_center\"><div class=\"w-image-h\"><img decoding=\"async\" width=\"300\" height=\"41\" src=\"https:\/\/rangerssafaritours.com\/wp-content\/uploads\/2025\/03\/sep.png\" class=\"attachment-full size-full\" alt=\"\" loading=\"lazy\" \/><\/div><\/div><\/div><\/div><\/div><\/div><\/div><\/section><section class=\"l-section wpb_row us_custom_578bb794 height_large with_shape\"><div class=\"l-section-shape type_custom pos_bottom\" style=\"height:312px;color:transparent\"><img decoding=\"async\" width=\"1920\" height=\"312\" src=\"https:\/\/rangerssafaritours.com\/wp-content\/uploads\/2025\/03\/deco-sep1.png\" class=\"attachment-full size-full\" alt=\"Rangers Safari Tours\" srcset=\"https:\/\/rangerssafaritours.com\/wp-content\/uploads\/2025\/03\/deco-sep1.png 1920w, https:\/\/rangerssafaritours.com\/wp-content\/uploads\/2025\/03\/deco-sep1-300x49.png 300w, https:\/\/rangerssafaritours.com\/wp-content\/uploads\/2025\/03\/deco-sep1-1024x166.png 1024w\" sizes=\"auto, (max-width: 1920px) 100vw, 1920px\" loading=\"lazy\" \/><\/div><div class=\"l-section-h i-cf\"><div class=\"g-cols vc_row via_flex valign_top type_default stacking_default\"><div class=\"vc_col-sm-12 wpb_column vc_column_container\"><div class=\"vc_column-inner\"><div class=\"wpb_wrapper\"><div class=\"w-text us_custom_57ab9ef2 pretitle\"><span class=\"w-text-h\"><span class=\"w-text-value\">Explorer la nature avec respect et passion<\/span><\/span><\/div>[vc_custom_heading text=\u00a0\u00bbPhilosophie de Rangers Safari Tours\u00a0\u00bb font_container=\u00a0\u00bbtag:h2|text_align:center\u00a0\u00bb use_theme_fonts=\u00a0\u00bbyes\u00a0\u00bb css=\u00a0\u00bb%7B%22default%22%3A%7B%22max-width%22%3A%22720px%22%2C%22margin-left%22%3A%22auto%22%2C%22margin-right%22%3A%22auto%22%2C%22padding-top%22%3A%220%22%7D%7D\u00a0\u00bb]<div class=\"wpb_text_column us_custom_386ec836\"><div class=\"wpb_wrapper\"><p>Notre philosophie en tant qu&rsquo;entreprise est d&rsquo;apprendre \u00e0 conna\u00eetre la nature, toujours avec le plus grand respect et la plus grande attention, et de repartir avec de bons souvenirs pour la vie. Nous essayons de faire en sorte que tous nos clients vivent une exp\u00e9rience inoubliable et apprennent \u00e0 conna\u00eetre la Costa del Sol d&rsquo;une mani\u00e8re unique et amusante.<\/p>\n<\/div><\/div><\/div><\/div><\/div><\/div><\/div><\/section><section class=\"l-section wpb_row us_custom_7f3f3687 height_large color_alternate with_shape\"><div class=\"l-section-shape type_custom pos_top\" style=\"height:143px;color:transparent\"><img decoding=\"async\" width=\"1852\" height=\"143\" src=\"https:\/\/rangerssafaritours.com\/wp-content\/uploads\/2025\/03\/deco-sep2.png\" class=\"attachment-full size-full\" alt=\"Rangers Safari Tours\" srcset=\"https:\/\/rangerssafaritours.com\/wp-content\/uploads\/2025\/03\/deco-sep2.png 1852w, https:\/\/rangerssafaritours.com\/wp-content\/uploads\/2025\/03\/deco-sep2-300x23.png 300w, https:\/\/rangerssafaritours.com\/wp-content\/uploads\/2025\/03\/deco-sep2-1024x79.png 1024w\" sizes=\"auto, (max-width: 1852px) 100vw, 1852px\" loading=\"lazy\" \/><\/div><div class=\"l-section-h i-cf\"><div class=\"g-cols vc_row via_flex valign_middle type_default reversed stacking_default\"><div class=\"vc_col-sm-6 wpb_column vc_column_container\"><div class=\"vc_column-inner\"><div class=\"wpb_wrapper\"><div class=\"w-image masked-image has_ratio align_center\"><div class=\"w-image-h\"><div style=\"padding-bottom:75%\"><\/div><img decoding=\"async\" width=\"1920\" height=\"1280\" src=\"https:\/\/rangerssafaritours.com\/wp-content\/uploads\/2022\/09\/socios-rangers-safari-scaled.jpg\" class=\"attachment-full size-full\" alt=\"\" loading=\"lazy\" \/><\/div><\/div><\/div><\/div><\/div><div class=\"vc_col-sm-6 wpb_column vc_column_container\"><div class=\"vc_column-inner\"><div class=\"wpb_wrapper\"><div class=\"w-text us_custom_804e3191 pretitle\"><span class=\"w-text-h\"><span class=\"w-text-value\">Engag\u00e9 dans la croissance et l&#039;aventure<\/span><\/span><\/div>[vc_custom_heading text=\u00a0\u00bbNos objectifs\u00a0\u00bb use_theme_fonts=\u00a0\u00bbyes\u00a0\u00bb css=\u00a0\u00bb%7B%22default%22%3A%7B%22padding-top%22%3A%220%22%7D%7D\u00a0\u00bb]<div class=\"wpb_text_column\"><div class=\"wpb_wrapper\"><p>Nos objectifs sont clairs : nous am\u00e9liorer jour apr\u00e8s jour en tant qu&rsquo;entreprise, ne pas \u00eatre \u00e0 la tra\u00eene et, bien s\u00fbr, devenir les meilleurs en mati\u00e8re d&rsquo;activit\u00e9s touristiques actives sur la Costa del Sol.<\/p>\n<p><em>\u00ab\u00a0Nous essayons de faire en sorte que tous nos clients vivent une exp\u00e9rience inoubliable et apprennent \u00e0 conna\u00eetre la Costa del Sol d&rsquo;une mani\u00e8re unique et amusante.<\/em><\/p>\n<\/div><\/div><\/div><\/div><\/div><\/div><\/div><\/section><section class=\"l-section wpb_row us_custom_35a52c40 masked-bg height_large width_custom color_primary\" style=\"--site-content-width:1060px;\"><div class=\"l-section-overlay\" style=\"background:rgba(0,0,0,0.45)\"><\/div><div class=\"l-section-h i-cf\"><div class=\"g-cols vc_row via_flex valign_middle type_default reversed stacking_default\"><div class=\"vc_col-sm-8 wpb_column vc_column_container\"><div class=\"vc_column-inner\"><div class=\"wpb_wrapper\">[vc_custom_heading text=\u00a0\u00bbPr\u00e9f\u00e9rez-vous recevoir des informations ?\u00a0\u00bb use_theme_fonts=\u00a0\u00bbyes\u00a0\u00bb]<div class=\"wpb_text_column\"><div class=\"wpb_wrapper\"><p>Ecrivez-nous pour nous faire part de vos doutes et\/ou de vos questions, nous nous ferons un plaisir de vous r\u00e9pondre.<\/p>\n<\/div><\/div><\/div><\/div><\/div><div class=\"vc_col-sm-4 wpb_column vc_column_container\"><div class=\"vc_column-inner\"><div class=\"wpb_wrapper\"><div class=\"w-btn-wrapper align_left\"><a class=\"w-btn us-btn-style_1 masked-btn\" href=\"https:\/\/rangerssafaritours.com\/fr\/contact\/\"><span class=\"w-btn-label\">N&#039;h\u00e9sitez pas \u00e0 nous contacter<\/span><\/a><\/div><\/div><\/div><\/div><\/div><\/div><\/section><section class=\"l-section wpb_row us_custom_0e564162 height_huge\"><div class=\"l-section-h i-cf\"><div class=\"g-cols vc_row via_flex valign_top type_default stacking_default\"><div class=\"vc_col-sm-5 wpb_column vc_column_container\"><div class=\"vc_column-inner\"><div class=\"wpb_wrapper\"><div class=\"w-text us_custom_804e3191 pretitle\"><span class=\"w-text-h\"><span class=\"w-text-value\">Qualit\u00e9 et confort pour votre exp\u00e9rience<\/span><\/span><\/div>[vc_custom_heading text=\u00a0\u00bbNos installations\u00a0\u00bb use_theme_fonts=\u00a0\u00bbyes\u00a0\u00bb css=\u00a0\u00bb%7B%22default%22%3A%7B%22padding-top%22%3A%220%22%7D%7D\u00a0\u00bb]<\/div><\/div><\/div><div class=\"vc_col-sm-7 wpb_column vc_column_container\"><div class=\"vc_column-inner\"><div class=\"wpb_wrapper\"><div class=\"wpb_text_column\"><div class=\"wpb_wrapper\"><p>Chez Rangers Safari Tours, nous avons \u00e0 c\u0153ur d&rsquo;offrir \u00e0 nos clients une exp\u00e9rience en quad qu&rsquo;ils n&rsquo;oublieront pas. C&rsquo;est pourquoi nous disposons d&rsquo;installations de premi\u00e8re classe qui offrent toutes sortes de commodit\u00e9s pour garantir une exp\u00e9rience confortable et agr\u00e9able \u00e0 nos clients.<br \/>\nNos installations ont une superficie de 1000 m2, ce qui nous permet d&rsquo;offrir suffisamment d&rsquo;espace \u00e0 nos quads et \u00e0 nos clients. De plus, nous disposons d&rsquo;un grand parking qui facilite le stationnement pour ceux qui viennent en voiture.  <\/p>\n<p>Nous disposons \u00e9galement d&rsquo;une salle de bain \u00e0 l&rsquo;usage de nos clients et d&rsquo;une zone de nettoyage des quads, ce qui garantit que les quads sont toujours en parfait \u00e9tat pour l&rsquo;usage de nos clients. Et pour que nos clients se sentent \u00e0 l&rsquo;aise pendant leur visite, nous disposons d&rsquo;un bureau o\u00f9 ils peuvent r\u00e9server leur aventure en quad et recevoir des conseils personnalis\u00e9s. <\/p>\n<p>En bref, chez Rangers Safari Tours, nous nous effor\u00e7ons d&rsquo;offrir la meilleure exp\u00e9rience de quad \u00e0 nos clients. Avec nos installations de premi\u00e8re classe et toutes les commodit\u00e9s que nous offrons, nous sommes s\u00fbrs que nos clients se sentiront comme chez eux d\u00e8s le premier instant. <\/p>\n<p>Nous esp\u00e9rons vous voir bient\u00f4t \u00e0 Rangers Safari Tours !<\/p>\n<\/div><\/div><\/div><\/div><\/div><\/div><\/div><\/section><section class=\"l-section wpb_row us_custom_b610acd5 height_large color_alternate\"><div class=\"l-section-h i-cf\"><div class=\"g-cols vc_row via_flex valign_top type_default stacking_default\"><div class=\"vc_col-sm-12 wpb_column vc_column_container\"><div class=\"vc_column-inner\"><div class=\"wpb_wrapper\"><div class=\"w-text us_custom_57ab9ef2 pretitle\"><span class=\"w-text-h\"><span class=\"w-text-value\">Des v\u00e9hicules fiables pour une exp\u00e9rience in\u00e9gal\u00e9e<\/span><\/span><\/div>[vc_custom_heading text=\u00a0\u00bbNos v\u00e9hicules\u00a0\u00bb font_container=\u00a0\u00bbtag:h2|text_align:center\u00a0\u00bb use_theme_fonts=\u00a0\u00bbyes\u00a0\u00bb css=\u00a0\u00bb%7B%22default%22%3A%7B%22padding-top%22%3A%220%22%7D%7D\u00a0\u00bb]<div class=\"wpb_text_column us_custom_eb849559\"><div class=\"wpb_wrapper\"><p class=\"\" data-start=\"84\" data-end=\"224\">Chez Rangers Safari Tours, nous veillons \u00e0 disposer d&rsquo;une flotte de buggys et de quads de haute qualit\u00e9 afin d&rsquo;offrir \u00e0 nos clients une exp\u00e9rience exceptionnelle.<\/p>\n<p class=\"\" data-start=\"226\" data-end=\"798\">En plus de nos quads, nous proposons \u00e9galement les buggys CFMoto Zforce 550EX, un mod\u00e8le robuste et puissant, parfait pour ceux qui recherchent une exp\u00e9rience de conduite plus intense. Ce buggy 4 places a \u00e9t\u00e9 choisi pour sa puissance, sa stabilit\u00e9 et son confort sur les terrains difficiles. Son moteur de 550 cm3, associ\u00e9 \u00e0 une suspension haute performance, offre une conduite souple et contr\u00f4l\u00e9e, m\u00eame sur les terrains les plus difficiles. Tout comme nos quads, les buggys CFMoto Zforce 550EX sont pr\u00e9par\u00e9s pour offrir une exp\u00e9rience excitante et s\u00fbre, permettant \u00e0 nos clients de profiter de l&rsquo;aventure en toute confiance.   <\/p>\n<p class=\"\" data-start=\"800\" data-end=\"1152\">Notre large flotte de v\u00e9hicules Kymco MXU 300 est enti\u00e8rement r\u00e9vis\u00e9e et pr\u00eate pour l&rsquo;aventure. Ces quads biplaces ont \u00e9t\u00e9 s\u00e9lectionn\u00e9s pour leur fiabilit\u00e9, leur maniabilit\u00e9 et leur capacit\u00e9 \u00e0 offrir \u00e0 nos clients une exp\u00e9rience passionnante et s\u00fbre. En outre, nos quads sont pr\u00e9par\u00e9s pour tous les types de terrain, ce qui signifie qu&rsquo;ils peuvent relever n&rsquo;importe quel d\u00e9fi lors de nos circuits.  <\/p>\n<p class=\"\" data-start=\"1154\" data-end=\"1404\">Par cons\u00e9quent, nos clients peuvent \u00eatre rassur\u00e9s en sachant qu&rsquo;ils conduisent un v\u00e9hicule s\u00fbr et fiable sur lequel ils peuvent compter tout au long de leur aventure. Ils peuvent ainsi se concentrer sur l&rsquo;exp\u00e9rience du quad ou du buggy et profiter de la nature environnante. <\/p>\n<p class=\"\" data-start=\"1406\" data-end=\"1491\">Nos v\u00e9hicules sont con\u00e7us pour offrir une exp\u00e9rience passionnante et s\u00fbre sur chaque itin\u00e9raire !<\/p>\n<\/div><\/div><\/div><\/div><\/div><\/div><\/div><\/section><section class=\"l-section wpb_row height_large\"><div class=\"l-section-h i-cf\"><div class=\"g-cols vc_row via_flex valign_top type_default stacking_default\"><div class=\"vc_col-sm-12 wpb_column vc_column_container\"><div class=\"vc_column-inner\"><div class=\"wpb_wrapper\"><div class=\"w-text us_custom_804e3191 pretitle\"><span class=\"w-text-h\"><span class=\"w-text-value\">Le point de d\u00e9part id\u00e9al pour votre aventure<\/span><\/span><\/div>[vc_custom_heading text=\u00a0\u00bbNotre emplacement\u00a0\u00bb use_theme_fonts=\u00a0\u00bbyes\u00a0\u00bb css=\u00a0\u00bb%7B%22default%22%3A%7B%22padding-top%22%3A%220%22%7D%7D\u00a0\u00bb]<div class=\"g-cols wpb_row via_flex valign_top type_default stacking_default\"><div class=\"vc_col-sm-6 wpb_column vc_column_container\"><div class=\"vc_column-inner\"><div class=\"wpb_wrapper\"><div class=\"wpb_text_column\"><div class=\"wpb_wrapper\"><p>Rangers Safari Tours b\u00e9n\u00e9ficie d&rsquo;une situation privil\u00e9gi\u00e9e \u00e0 Mijas, un beau village situ\u00e9 dans la province de Malaga, en Espagne. Notre entreprise se trouve \u00e0 proximit\u00e9 du centre de Fuengirola et \u00e0 quelques kilom\u00e8tres de Marbella, Benalmadena ou Malaga, certaines des destinations touristiques les plus populaires d&rsquo;Andalousie. <\/p>\n<p>Notre emplacement est id\u00e9al non seulement pour les touristes, mais aussi pour les r\u00e9sidents locaux qui souhaitent d\u00e9couvrir les nombreuses attractions de la r\u00e9gion. Situ\u00e9e \u00e0 proximit\u00e9 du centre-ville de Fuengirola, notre entreprise se trouve \u00e0 quelques pas de certaines des attractions les plus populaires de la r\u00e9gion, telles que les marinas, les parcs d&rsquo;attractions, les parcs aquatiques, les zoos, les mus\u00e9es et les lieux d&rsquo;int\u00e9r\u00eat historique. Ces attractions sont facilement accessibles \u00e0 nos clients, ce qui en fait un excellent choix pour ceux qui souhaitent d\u00e9couvrir tout ce que la r\u00e9gion a \u00e0 offrir.<\/p>\n<\/div><\/div><\/div><\/div><\/div><div class=\"vc_col-sm-6 wpb_column vc_column_container\"><div class=\"vc_column-inner\"><div class=\"wpb_wrapper\"><div class=\"wpb_text_column\"><div class=\"wpb_wrapper\"><p>Outre sa situation privil\u00e9gi\u00e9e, Rangers Safari Tours est \u00e9galement facilement accessible par les transports publics. Nous sommes id\u00e9alement situ\u00e9s \u00e0 proximit\u00e9 des gares routi\u00e8res et ferroviaires, ce qui permet aux visiteurs de nous rejoindre facilement en utilisant les transports publics. C&rsquo;est particuli\u00e8rement pratique pour ceux qui ne veulent pas louer de voiture ou qui pr\u00e9f\u00e8rent ne pas conduire pendant leurs vacances.  <\/p>\n<p>C&rsquo;est l&rsquo;une des nombreuses raisons pour lesquelles notre entreprise est le meilleur choix pour ceux qui recherchent un organisateur de voyages actifs fiable et pratique dans la r\u00e9gion. Que vous soyez un touriste ou un r\u00e9sident local, nous sommes l\u00e0 pour vous aider \u00e0 explorer tout ce que Mijas et la r\u00e9gion ont \u00e0 offrir. <\/p>\n<p>Si vous avez d&rsquo;autres questions ou si vous souhaitez obtenir plus d&rsquo;informations, CONTACTEZ-NOUS !<\/p>\n<\/div><\/div><\/div><\/div><\/div><\/div><\/div><\/div><\/div><\/div><\/div><\/section>\n\n\n<div class=\"kk-star-ratings kksr-auto kksr-align-center kksr-valign-bottom\"\n    data-payload='{&quot;align&quot;:&quot;center&quot;,&quot;id&quot;:&quot;2267&quot;,&quot;slug&quot;:&quot;default&quot;,&quot;valign&quot;:&quot;bottom&quot;,&quot;ignore&quot;:&quot;&quot;,&quot;reference&quot;:&quot;auto&quot;,&quot;class&quot;:&quot;&quot;,&quot;count&quot;:&quot;0&quot;,&quot;legendonly&quot;:&quot;&quot;,&quot;readonly&quot;:&quot;&quot;,&quot;score&quot;:&quot;0&quot;,&quot;starsonly&quot;:&quot;&quot;,&quot;best&quot;:&quot;5&quot;,&quot;gap&quot;:&quot;5&quot;,&quot;greet&quot;:&quot;&quot;,&quot;legend&quot;:&quot;0\\\/5 - (0 vote)&quot;,&quot;size&quot;:&quot;24&quot;,&quot;title&quot;:&quot;A propos de&quot;,&quot;width&quot;:&quot;0&quot;,&quot;_legend&quot;:&quot;{score}\\\/{best} - ({count} {votes})&quot;,&quot;font_factor&quot;:&quot;1.25&quot;}'>\n            \n<div class=\"kksr-stars\">\n    \n<div class=\"kksr-stars-inactive\">\n            <div class=\"kksr-star\" data-star=\"1\" style=\"padding-right: 5px\">\n            \n\n<div class=\"kksr-icon\" style=\"width: 24px; height: 24px;\"><\/div>\n        <\/div>\n            <div class=\"kksr-star\" data-star=\"2\" style=\"padding-right: 5px\">\n            \n\n<div class=\"kksr-icon\" style=\"width: 24px; height: 24px;\"><\/div>\n        <\/div>\n            <div class=\"kksr-star\" data-star=\"3\" style=\"padding-right: 5px\">\n            \n\n<div class=\"kksr-icon\" style=\"width: 24px; height: 24px;\"><\/div>\n        <\/div>\n            <div class=\"kksr-star\" data-star=\"4\" style=\"padding-right: 5px\">\n            \n\n<div class=\"kksr-icon\" style=\"width: 24px; height: 24px;\"><\/div>\n        <\/div>\n            <div class=\"kksr-star\" data-star=\"5\" style=\"padding-right: 5px\">\n            \n\n<div class=\"kksr-icon\" style=\"width: 24px; height: 24px;\"><\/div>\n        <\/div>\n    <\/div>\n    \n<div class=\"kksr-stars-active\" style=\"width: 0px;\">\n            <div class=\"kksr-star\" style=\"padding-right: 5px\">\n            \n\n<div class=\"kksr-icon\" style=\"width: 24px; height: 24px;\"><\/div>\n        <\/div>\n            <div class=\"kksr-star\" style=\"padding-right: 5px\">\n            \n\n<div class=\"kksr-icon\" style=\"width: 24px; height: 24px;\"><\/div>\n        <\/div>\n            <div class=\"kksr-star\" style=\"padding-right: 5px\">\n            \n\n<div class=\"kksr-icon\" style=\"width: 24px; height: 24px;\"><\/div>\n        <\/div>\n            <div class=\"kksr-star\" style=\"padding-right: 5px\">\n            \n\n<div class=\"kksr-icon\" style=\"width: 24px; height: 24px;\"><\/div>\n        <\/div>\n            <div class=\"kksr-star\" style=\"padding-right: 5px\">\n            \n\n<div class=\"kksr-icon\" style=\"width: 24px; height: 24px;\"><\/div>\n        <\/div>\n    <\/div>\n<\/div>\n                \n\n<div class=\"kksr-legend\" style=\"font-size: 19.2px;\">\n            <span class=\"kksr-muted\"><\/span>\n    <\/div>\n    <\/div>\n","protected":false},"excerpt":{"rendered":"Rangers Safari Tours[vc_custom_heading text=\"\u00c0 propos de Rangers Safari Tours\" font_container=\"tag:h1|text_align:center\" use_theme_fonts=\"yes\" css=\"%7B%22default%22%3A%7B%22padding-top%22%3A%220%22%7D%7D\"]Explorer la nature avec respect et passion[vc_custom_heading text=\"Philosophie de Rangers Safari Tours\" font_container=\"tag:h2|text_align:center\" use_theme_fonts=\"yes\" css=\"%7B%22default%22%3A%7B%22max-width%22%3A%22720px%22%2C%22margin-left%22%3A%22auto%22%2C%22margin-right%22%3A%22auto%22%2C%22padding-top%22%3A%220%22%7D%7D\"]Notre philosophie en tant qu&rsquo;entreprise est d&rsquo;apprendre \u00e0 conna\u00eetre la nature, toujours avec le plus grand respect et la plus grande attention, et de repartir avec de bons souvenirs pour...","protected":false},"author":1,"featured_media":0,"parent":0,"menu_order":0,"comment_status":"closed","ping_status":"closed","template":"","meta":{"_acf_changed":false,"footnotes":""},"class_list":["post-2267","page","type-page","status-publish","hentry"],"acf":[],"yoast_head":"<!-- This site is optimized with the Yoast SEO plugin v27.4 - https:\/\/yoast.com\/product\/yoast-seo-wordpress\/ -->\n<title>A propos de &#8902; Rangers Safari Tours<\/title>\n<meta name=\"robots\" content=\"index, follow, max-snippet:-1, max-image-preview:large, max-video-preview:-1\" \/>\n<link rel=\"canonical\" href=\"https:\/\/rangerssafaritours.com\/fr\/a-propos-de\/\" \/>\n<meta property=\"og:locale\" content=\"fr_FR\" \/>\n<meta property=\"og:type\" content=\"article\" \/>\n<meta property=\"og:title\" content=\"A propos de &#8902; Rangers Safari Tours\" \/>\n<meta property=\"og:url\" content=\"https:\/\/rangerssafaritours.com\/fr\/a-propos-de\/\" \/>\n<meta property=\"og:site_name\" content=\"Rangers Safari Tours\" \/>\n<meta property=\"article:modified_time\" content=\"2025-07-09T13:32:11+00:00\" \/>\n<meta name=\"twitter:card\" content=\"summary_large_image\" \/>\n<meta name=\"twitter:label1\" content=\"Dur\u00e9e de lecture estim\u00e9e\" \/>\n\t<meta name=\"twitter:data1\" content=\"9 minutes\" \/>\n<script type=\"application\/ld+json\" class=\"yoast-schema-graph\">{\"@context\":\"https:\\\/\\\/schema.org\",\"@graph\":[{\"@type\":\"WebPage\",\"@id\":\"https:\\\/\\\/rangerssafaritours.com\\\/fr\\\/a-propos-de\\\/\",\"url\":\"https:\\\/\\\/rangerssafaritours.com\\\/fr\\\/a-propos-de\\\/\",\"name\":\"A propos de &#8902; Rangers Safari Tours\",\"isPartOf\":{\"@id\":\"https:\\\/\\\/rangerssafaritours.com\\\/#website\"},\"datePublished\":\"2025-03-28T16:02:55+00:00\",\"dateModified\":\"2025-07-09T13:32:11+00:00\",\"breadcrumb\":{\"@id\":\"https:\\\/\\\/rangerssafaritours.com\\\/fr\\\/a-propos-de\\\/#breadcrumb\"},\"inLanguage\":\"fr-FR\",\"potentialAction\":[{\"@type\":\"ReadAction\",\"target\":[\"https:\\\/\\\/rangerssafaritours.com\\\/fr\\\/a-propos-de\\\/\"]}]},{\"@type\":\"BreadcrumbList\",\"@id\":\"https:\\\/\\\/rangerssafaritours.com\\\/fr\\\/a-propos-de\\\/#breadcrumb\",\"itemListElement\":[{\"@type\":\"ListItem\",\"position\":1,\"name\":\"Portada\",\"item\":\"https:\\\/\\\/rangerssafaritours.com\\\/fr\\\/\"},{\"@type\":\"ListItem\",\"position\":2,\"name\":\"A propos de\"}]},{\"@type\":\"WebSite\",\"@id\":\"https:\\\/\\\/rangerssafaritours.com\\\/#website\",\"url\":\"https:\\\/\\\/rangerssafaritours.com\\\/\",\"name\":\"Rangers Safari Tours\",\"description\":\"\",\"publisher\":{\"@id\":\"https:\\\/\\\/rangerssafaritours.com\\\/#organization\"},\"potentialAction\":[{\"@type\":\"SearchAction\",\"target\":{\"@type\":\"EntryPoint\",\"urlTemplate\":\"https:\\\/\\\/rangerssafaritours.com\\\/?s={search_term_string}\"},\"query-input\":{\"@type\":\"PropertyValueSpecification\",\"valueRequired\":true,\"valueName\":\"search_term_string\"}}],\"inLanguage\":\"fr-FR\"},{\"@type\":\"Organization\",\"@id\":\"https:\\\/\\\/rangerssafaritours.com\\\/#organization\",\"name\":\"Rangers Safari Tours\",\"url\":\"https:\\\/\\\/rangerssafaritours.com\\\/\",\"logo\":{\"@type\":\"ImageObject\",\"inLanguage\":\"fr-FR\",\"@id\":\"https:\\\/\\\/rangerssafaritours.com\\\/#\\\/schema\\\/logo\\\/image\\\/\",\"url\":\"https:\\\/\\\/rangerssafaritours.com\\\/wp-content\\\/uploads\\\/2025\\\/04\\\/organization-logo.png\",\"contentUrl\":\"https:\\\/\\\/rangerssafaritours.com\\\/wp-content\\\/uploads\\\/2025\\\/04\\\/organization-logo.png\",\"width\":346,\"height\":91,\"caption\":\"Rangers Safari Tours\"},\"image\":{\"@id\":\"https:\\\/\\\/rangerssafaritours.com\\\/#\\\/schema\\\/logo\\\/image\\\/\"}}]}<\/script>\n<!-- \/ Yoast SEO plugin. -->","yoast_head_json":{"title":"A propos de &#8902; Rangers Safari Tours","robots":{"index":"index","follow":"follow","max-snippet":"max-snippet:-1","max-image-preview":"max-image-preview:large","max-video-preview":"max-video-preview:-1"},"canonical":"https:\/\/rangerssafaritours.com\/fr\/a-propos-de\/","og_locale":"fr_FR","og_type":"article","og_title":"A propos de &#8902; Rangers Safari Tours","og_url":"https:\/\/rangerssafaritours.com\/fr\/a-propos-de\/","og_site_name":"Rangers Safari Tours","article_modified_time":"2025-07-09T13:32:11+00:00","twitter_card":"summary_large_image","twitter_misc":{"Dur\u00e9e de lecture estim\u00e9e":"9 minutes"},"schema":{"@context":"https:\/\/schema.org","@graph":[{"@type":"WebPage","@id":"https:\/\/rangerssafaritours.com\/fr\/a-propos-de\/","url":"https:\/\/rangerssafaritours.com\/fr\/a-propos-de\/","name":"A propos de &#8902; Rangers Safari Tours","isPartOf":{"@id":"https:\/\/rangerssafaritours.com\/#website"},"datePublished":"2025-03-28T16:02:55+00:00","dateModified":"2025-07-09T13:32:11+00:00","breadcrumb":{"@id":"https:\/\/rangerssafaritours.com\/fr\/a-propos-de\/#breadcrumb"},"inLanguage":"fr-FR","potentialAction":[{"@type":"ReadAction","target":["https:\/\/rangerssafaritours.com\/fr\/a-propos-de\/"]}]},{"@type":"BreadcrumbList","@id":"https:\/\/rangerssafaritours.com\/fr\/a-propos-de\/#breadcrumb","itemListElement":[{"@type":"ListItem","position":1,"name":"Portada","item":"https:\/\/rangerssafaritours.com\/fr\/"},{"@type":"ListItem","position":2,"name":"A propos de"}]},{"@type":"WebSite","@id":"https:\/\/rangerssafaritours.com\/#website","url":"https:\/\/rangerssafaritours.com\/","name":"Rangers Safari Tours","description":"","publisher":{"@id":"https:\/\/rangerssafaritours.com\/#organization"},"potentialAction":[{"@type":"SearchAction","target":{"@type":"EntryPoint","urlTemplate":"https:\/\/rangerssafaritours.com\/?s={search_term_string}"},"query-input":{"@type":"PropertyValueSpecification","valueRequired":true,"valueName":"search_term_string"}}],"inLanguage":"fr-FR"},{"@type":"Organization","@id":"https:\/\/rangerssafaritours.com\/#organization","name":"Rangers Safari Tours","url":"https:\/\/rangerssafaritours.com\/","logo":{"@type":"ImageObject","inLanguage":"fr-FR","@id":"https:\/\/rangerssafaritours.com\/#\/schema\/logo\/image\/","url":"https:\/\/rangerssafaritours.com\/wp-content\/uploads\/2025\/04\/organization-logo.png","contentUrl":"https:\/\/rangerssafaritours.com\/wp-content\/uploads\/2025\/04\/organization-logo.png","width":346,"height":91,"caption":"Rangers Safari Tours"},"image":{"@id":"https:\/\/rangerssafaritours.com\/#\/schema\/logo\/image\/"}}]}},"_links":{"self":[{"href":"https:\/\/rangerssafaritours.com\/fr\/wp-json\/wp\/v2\/pages\/2267","targetHints":{"allow":["GET"]}}],"collection":[{"href":"https:\/\/rangerssafaritours.com\/fr\/wp-json\/wp\/v2\/pages"}],"about":[{"href":"https:\/\/rangerssafaritours.com\/fr\/wp-json\/wp\/v2\/types\/page"}],"author":[{"embeddable":true,"href":"https:\/\/rangerssafaritours.com\/fr\/wp-json\/wp\/v2\/users\/1"}],"replies":[{"embeddable":true,"href":"https:\/\/rangerssafaritours.com\/fr\/wp-json\/wp\/v2\/comments?post=2267"}],"version-history":[{"count":2,"href":"https:\/\/rangerssafaritours.com\/fr\/wp-json\/wp\/v2\/pages\/2267\/revisions"}],"predecessor-version":[{"id":2273,"href":"https:\/\/rangerssafaritours.com\/fr\/wp-json\/wp\/v2\/pages\/2267\/revisions\/2273"}],"wp:attachment":[{"href":"https:\/\/rangerssafaritours.com\/fr\/wp-json\/wp\/v2\/media?parent=2267"}],"curies":[{"name":"wp","href":"https:\/\/api.w.org\/{rel}","templated":true}]}}