{"id":2445,"date":"2022-09-30T10:24:42","date_gmt":"2022-09-30T08:24:42","guid":{"rendered":"https:\/\/rangerssafaritours.com\/politique-de-confidentialite\/"},"modified":"2025-07-10T13:05:16","modified_gmt":"2025-07-10T11:05:16","slug":"politique-de-confidentialite","status":"publish","type":"page","link":"https:\/\/rangerssafaritours.com\/fr\/politique-de-confidentialite\/","title":{"rendered":"Politique de confidentialit\u00e9"},"content":{"rendered":"<section class=\"l-section wpb_row height_large\"><div class=\"l-section-h i-cf\"><div class=\"g-cols vc_row via_flex valign_top type_default stacking_default\"><div class=\"vc_col-sm-12 wpb_column vc_column_container\"><div class=\"vc_column-inner\"><div class=\"wpb_wrapper\">[vc_custom_heading text=\u00a0\u00bbPolitique de confidentialit\u00e9\u00a0\u00bb font_container=\u00a0\u00bbtag:h1|text_align:left\u00a0\u00bb use_theme_fonts=\u00a0\u00bbyes\u00a0\u00bb]<div class=\"wpb_text_column\"><div class=\"wpb_wrapper\"><p>L&rsquo;adresse de notre site web est rangerssafaritours.com.<\/p>\n<p>Les informations ci-dessous expliquent les restrictions l\u00e9gales et r\u00e9glementaires relatives \u00e0 Rangers Safari Tours. Si vous acceptez les conditions ci-dessous et souhaitez acc\u00e9der au site web, cette page constitue un accord juridique contraignant. <\/p>\n<p>Veuillez lire attentivement cette politique qui peut \u00eatre modifi\u00e9e sans pr\u00e9avis. En continuant \u00e0 utiliser le site web apr\u00e8s toute modification, vous signifiez que vous acceptez ces modifications. Si vous n&rsquo;acceptez pas cette politique ou si vous r\u00e9sidez dans une juridiction (par exemple les Etats-Unis) o\u00f9 l&rsquo;acc\u00e8s au site et aux informations qu&rsquo;il contient n&rsquo;est pas autoris\u00e9, veuillez quitter le site Internet. Rangers Safari Tours ne peut \u00eatre tenu responsable des fausses d\u00e9clarations que vous pourriez faire en acc\u00e9dant au site sans autorisation.   <\/p>\n<p>Les informations contenues dans ce site web sont publi\u00e9es par Rangers Safari Tours.<\/p>\n<p>Rangers Safari Tours, dont l&rsquo;adresse est Urb. La Montua 39, 29602 Marbella, M\u00e1laga, Espagne et dont l&rsquo;adresse \u00e9lectronique est <a href=\"mailto:info@rangerssafaritours.com\">info@rangerssafaritours.com<\/a> (ci-apr\u00e8s d\u00e9nomm\u00e9e la \u00ab\u00a0Soci\u00e9t\u00e9\u00a0\u00bb) informe les utilisateurs, conform\u00e9ment \u00e0 l&rsquo;article 5 de la loi 15\/1999 du 13 d\u00e9cembre 1999 sur la protection des donn\u00e9es \u00e0 caract\u00e8re personnel (ci-apr\u00e8s d\u00e9nomm\u00e9e \u00ab\u00a0LOPD\u00a0\u00bb), de sa politique en mati\u00e8re de protection des donn\u00e9es \u00e0 caract\u00e8re personnel afin qu&rsquo;ils puissent d\u00e9cider express\u00e9ment, librement et volontairement s&rsquo;ils souhaitent fournir \u00e0 la Soci\u00e9t\u00e9 les donn\u00e9es \u00e0 caract\u00e8re personnel qui sont demand\u00e9es sur le site Web pour la prestation de ses services. <\/p>\n<p>Cet avis informe \u00e9galement les utilisateurs de l&rsquo;incorporation des donn\u00e9es collect\u00e9es dans un fichier d\u00fbment inscrit au Registre g\u00e9n\u00e9ral de la protection des donn\u00e9es. Le fichier est d\u00e9tenu et g\u00e9r\u00e9 par l&rsquo;entreprise et contient des donn\u00e9es conform\u00e9ment aux finalit\u00e9s sp\u00e9cifi\u00e9es et aux autres dispositions \u00e9nonc\u00e9es dans la pr\u00e9sente politique de confidentialit\u00e9, \u00e0 laquelle vous nous donnez votre consentement expr\u00e8s et sans \u00e9quivoque. <\/p>\n<p><strong>COLLECTE DES DONN\u00c9ES ET UTILISATIONS PR\u00c9VUES<\/strong><\/p>\n<p>La collecte des donn\u00e9es personnelles se fait par la r\u00e9ception des donn\u00e9es transmises, soit par le biais d&rsquo;un formulaire de contact contenu dans le site web, soit par courrier \u00e9lectronique.<\/p>\n<p>Les donn\u00e9es demand\u00e9es sont ad\u00e9quates, pertinentes et non excessives par rapport \u00e0 la port\u00e9e, aux objectifs et aux services sp\u00e9cifiques, explicites et l\u00e9gitimes de l&rsquo;entreprise. Les formulaires doivent \u00eatre remplis avec des donn\u00e9es v\u00e9ridiques, exactes, compl\u00e8tes et actuelles, en sachant que des dommages peuvent survenir si le formulaire est mal rempli avec des informations fausses, inexactes, incompl\u00e8tes ou obsol\u00e8tes. <\/p>\n<p><strong>DONN\u00c9ES DE L&rsquo;ENTREPRISE ET DONN\u00c9ES PERSONNELLES<\/strong><\/p>\n<p>Les demandes d&rsquo;information des entreprises et des particuliers re\u00e7ues par le biais de formulaires de demande d&rsquo;information ou d&rsquo;autres types de demandes d&rsquo;information, adress\u00e9es \u00e0 la personne en charge du dossier, seront trait\u00e9es de mani\u00e8re \u00e0 faciliter la demande et \u00e0 fournir des informations sur nos services et nos produits actuels et futurs susceptibles de pr\u00e9senter un int\u00e9r\u00eat.<\/p>\n<p>L&rsquo;acceptation expresse du traitement des donn\u00e9es aux fins susmentionn\u00e9es consiste \u00e0 appuyer sur le bouton \u00ab\u00a0ENVOYER\u00a0\u00bb du formulaire de demande d&rsquo;informations (ou toute autre option d&rsquo;envoi des donn\u00e9es) conform\u00e9ment aux dispositions de l&rsquo;article 21 de la loi 34\/2002 sur la soci\u00e9t\u00e9 de l&rsquo;information et le commerce \u00e9lectronique, pour l&rsquo;envoi de communications commerciales par courrier \u00e9lectronique et d&rsquo;autres m\u00e9dias \u00e9lectroniques \u00e9quivalents.<\/p>\n<p>Les utilisateurs peuvent s&rsquo;opposer au traitement de leurs donn\u00e9es aux fins susmentionn\u00e9es, en \u00e9crivant \u00e0 l&rsquo;adresse de la soci\u00e9t\u00e9, en incluant dans chaque cas une preuve d&rsquo;identit\u00e9 afin d&rsquo;exercer ce droit d&rsquo;opposition.<\/p>\n<p><strong>LES MESURES DE S\u00c9CURIT\u00c9<\/strong><\/p>\n<p>L&rsquo;entreprise a adopt\u00e9 les niveaux de s\u00e9curit\u00e9 corrects pour la protection des donn\u00e9es personnelles qui sont requis par la l\u00e9gislation actuelle sur la protection des donn\u00e9es, en installant les mesures techniques et organisationnelles n\u00e9cessaires pour pr\u00e9venir la perte, l&rsquo;utilisation abusive, l&rsquo;alt\u00e9ration, l&rsquo;acc\u00e8s non autoris\u00e9 et d&rsquo;autres risques possibles.<\/p>\n<p>De m\u00eame, l&rsquo;entreprise s&rsquo;engage \u00e0 respecter l&rsquo;obligation de confidentialit\u00e9 des donn\u00e9es contenues dans les registres informatis\u00e9s, telle que d\u00e9finie par les lois applicables en mati\u00e8re de protection des donn\u00e9es. En particulier, la soci\u00e9t\u00e9 a sign\u00e9 les accords de confidentialit\u00e9 et de protection des donn\u00e9es appropri\u00e9s avec tous les tiers qui ont acc\u00e8s aux donn\u00e9es personnelles d\u00e9tenues par la soci\u00e9t\u00e9 conform\u00e9ment aux dispositions de l&rsquo;article 12 de la LOPD, engageant ces tiers \u00e0 traiter les donn\u00e9es dans le seul but de fournir les services contract\u00e9s par la soci\u00e9t\u00e9 et \u00e0 adopter des mesures de s\u00e9curit\u00e9 informatique et organisationnelle appropri\u00e9es. L&rsquo;entreprise signale que les donn\u00e9es collect\u00e9es sur le site Web se d\u00e9roulent dans un environnement technologique et qu&rsquo;elle applique des niveaux \u00e9lev\u00e9s de s\u00e9curit\u00e9 et de confidentialit\u00e9 dans la transmission des informations. N\u00e9anmoins, l&rsquo;utilisateur doit \u00eatre conscient que les mesures de s\u00e9curit\u00e9 sur Internet ne sont pas infaillibles.   <\/p>\n<p>L&rsquo;utilisateur ou la personne qui le repr\u00e9sente peut, \u00e0 tout moment, exercer les droits d&rsquo;acc\u00e8s, de rectification, d&rsquo;annulation et, le cas \u00e9ch\u00e9ant, d&rsquo;opposition conform\u00e9ment \u00e0 la LOPD et aux autres r\u00e9glementations applicables. Ces droits peuvent \u00eatre exerc\u00e9s par notification \u00e9crite \u00e0 la soci\u00e9t\u00e9 : <\/p>\n<p><strong>Rangers Safari Tours<\/strong><br \/>\nUrb. La Montua 39<br \/>\n29602 Marbella<br \/>\nM\u00e1laga<br \/>\nEspagne <\/p>\n<p>ou par courrier \u00e9lectronique \u00e0 l&rsquo;adresse suivante : <a href=\"mailto:info@rangerssafaritours.com\">info@rangerssafaritours.com<\/a><\/p>\n<p>L&rsquo;entreprise se r\u00e9serve le droit de modifier cette politique de confidentialit\u00e9 des donn\u00e9es afin de s&rsquo;adapter \u00e0 la l\u00e9gislation et \u00e0 la jurisprudence nouvelles ou modifi\u00e9es, ainsi qu&rsquo;\u00e0 toute interpr\u00e9tation de cette l\u00e9gislation qui pourrait \u00eatre publi\u00e9e par l&rsquo;Agence espagnole de protection des donn\u00e9es. Dans ce cas, l&rsquo;entreprise annoncera ces changements sur le site Web bien avant leur mise en \u0153uvre. <\/p>\n<\/div><\/div><\/div><\/div><\/div><\/div><\/div><\/section>\n\n\n<div class=\"kk-star-ratings kksr-auto kksr-align-center kksr-valign-bottom\"\n    data-payload='{&quot;align&quot;:&quot;center&quot;,&quot;id&quot;:&quot;2445&quot;,&quot;slug&quot;:&quot;default&quot;,&quot;valign&quot;:&quot;bottom&quot;,&quot;ignore&quot;:&quot;&quot;,&quot;reference&quot;:&quot;auto&quot;,&quot;class&quot;:&quot;&quot;,&quot;count&quot;:&quot;0&quot;,&quot;legendonly&quot;:&quot;&quot;,&quot;readonly&quot;:&quot;&quot;,&quot;score&quot;:&quot;0&quot;,&quot;starsonly&quot;:&quot;&quot;,&quot;best&quot;:&quot;5&quot;,&quot;gap&quot;:&quot;5&quot;,&quot;greet&quot;:&quot;&quot;,&quot;legend&quot;:&quot;0\\\/5 - (0 vote)&quot;,&quot;size&quot;:&quot;24&quot;,&quot;title&quot;:&quot;Politique de confidentialit\u00e9&quot;,&quot;width&quot;:&quot;0&quot;,&quot;_legend&quot;:&quot;{score}\\\/{best} - ({count} {votes})&quot;,&quot;font_factor&quot;:&quot;1.25&quot;}'>\n            \n<div class=\"kksr-stars\">\n    \n<div class=\"kksr-stars-inactive\">\n            <div class=\"kksr-star\" data-star=\"1\" style=\"padding-right: 5px\">\n            \n\n<div class=\"kksr-icon\" style=\"width: 24px; height: 24px;\"><\/div>\n        <\/div>\n            <div class=\"kksr-star\" data-star=\"2\" style=\"padding-right: 5px\">\n            \n\n<div class=\"kksr-icon\" style=\"width: 24px; height: 24px;\"><\/div>\n        <\/div>\n            <div class=\"kksr-star\" data-star=\"3\" style=\"padding-right: 5px\">\n            \n\n<div class=\"kksr-icon\" style=\"width: 24px; height: 24px;\"><\/div>\n        <\/div>\n            <div class=\"kksr-star\" data-star=\"4\" style=\"padding-right: 5px\">\n            \n\n<div class=\"kksr-icon\" style=\"width: 24px; height: 24px;\"><\/div>\n        <\/div>\n            <div class=\"kksr-star\" data-star=\"5\" style=\"padding-right: 5px\">\n            \n\n<div class=\"kksr-icon\" style=\"width: 24px; height: 24px;\"><\/div>\n        <\/div>\n    <\/div>\n    \n<div class=\"kksr-stars-active\" style=\"width: 0px;\">\n            <div class=\"kksr-star\" style=\"padding-right: 5px\">\n            \n\n<div class=\"kksr-icon\" style=\"width: 24px; height: 24px;\"><\/div>\n        <\/div>\n            <div class=\"kksr-star\" style=\"padding-right: 5px\">\n            \n\n<div class=\"kksr-icon\" style=\"width: 24px; height: 24px;\"><\/div>\n        <\/div>\n            <div class=\"kksr-star\" style=\"padding-right: 5px\">\n            \n\n<div class=\"kksr-icon\" style=\"width: 24px; height: 24px;\"><\/div>\n        <\/div>\n            <div class=\"kksr-star\" style=\"padding-right: 5px\">\n            \n\n<div class=\"kksr-icon\" style=\"width: 24px; height: 24px;\"><\/div>\n        <\/div>\n            <div class=\"kksr-star\" style=\"padding-right: 5px\">\n            \n\n<div class=\"kksr-icon\" style=\"width: 24px; height: 24px;\"><\/div>\n        <\/div>\n    <\/div>\n<\/div>\n                \n\n<div class=\"kksr-legend\" style=\"font-size: 19.2px;\">\n            <span class=\"kksr-muted\"><\/span>\n    <\/div>\n    <\/div>\n","protected":false},"excerpt":{"rendered":"[vc_custom_heading text=\"Politique de confidentialit\u00e9\" font_container=\"tag:h1|text_align:left\" use_theme_fonts=\"yes\"]L&rsquo;adresse de notre site web est rangerssafaritours.com. Les informations ci-dessous expliquent les restrictions l\u00e9gales et r\u00e9glementaires relatives \u00e0 Rangers Safari Tours. Si vous acceptez les conditions ci-dessous et souhaitez acc\u00e9der au site web, cette page constitue un accord juridique contraignant. Veuillez lire attentivement cette politique qui peut \u00eatre modifi\u00e9e sans...","protected":false},"author":1,"featured_media":0,"parent":0,"menu_order":0,"comment_status":"closed","ping_status":"open","template":"","meta":{"_acf_changed":false,"footnotes":""},"class_list":["post-2445","page","type-page","status-publish","hentry"],"acf":[],"yoast_head":"<!-- This site is optimized with the Yoast SEO plugin v27.4 - https:\/\/yoast.com\/product\/yoast-seo-wordpress\/ -->\n<title>Politique de confidentialit\u00e9 &#8902; Rangers Safari Tours<\/title>\n<meta name=\"robots\" content=\"noindex, follow\" \/>\n<meta property=\"og:locale\" content=\"fr_FR\" \/>\n<meta property=\"og:type\" content=\"article\" \/>\n<meta property=\"og:title\" content=\"Politique de confidentialit\u00e9 &#8902; Rangers Safari Tours\" \/>\n<meta property=\"og:url\" content=\"https:\/\/rangerssafaritours.com\/fr\/politique-de-confidentialite\/\" \/>\n<meta property=\"og:site_name\" content=\"Rangers Safari Tours\" \/>\n<meta property=\"article:modified_time\" content=\"2025-07-10T11:05:16+00:00\" \/>\n<meta name=\"twitter:card\" content=\"summary_large_image\" \/>\n<meta name=\"twitter:label1\" content=\"Dur\u00e9e de lecture estim\u00e9e\" \/>\n\t<meta name=\"twitter:data1\" content=\"5 minutes\" \/>\n<script type=\"application\/ld+json\" class=\"yoast-schema-graph\">{\"@context\":\"https:\\\/\\\/schema.org\",\"@graph\":[{\"@type\":\"WebPage\",\"@id\":\"https:\\\/\\\/rangerssafaritours.com\\\/fr\\\/politique-de-confidentialite\\\/\",\"url\":\"https:\\\/\\\/rangerssafaritours.com\\\/fr\\\/politique-de-confidentialite\\\/\",\"name\":\"Politique de confidentialit\u00e9 &#8902; Rangers Safari Tours\",\"isPartOf\":{\"@id\":\"https:\\\/\\\/rangerssafaritours.com\\\/#website\"},\"datePublished\":\"2022-09-30T08:24:42+00:00\",\"dateModified\":\"2025-07-10T11:05:16+00:00\",\"breadcrumb\":{\"@id\":\"https:\\\/\\\/rangerssafaritours.com\\\/fr\\\/politique-de-confidentialite\\\/#breadcrumb\"},\"inLanguage\":\"fr-FR\",\"potentialAction\":[{\"@type\":\"ReadAction\",\"target\":[\"https:\\\/\\\/rangerssafaritours.com\\\/fr\\\/politique-de-confidentialite\\\/\"]}]},{\"@type\":\"BreadcrumbList\",\"@id\":\"https:\\\/\\\/rangerssafaritours.com\\\/fr\\\/politique-de-confidentialite\\\/#breadcrumb\",\"itemListElement\":[{\"@type\":\"ListItem\",\"position\":1,\"name\":\"Portada\",\"item\":\"https:\\\/\\\/rangerssafaritours.com\\\/fr\\\/\"},{\"@type\":\"ListItem\",\"position\":2,\"name\":\"Politique de confidentialit\u00e9\"}]},{\"@type\":\"WebSite\",\"@id\":\"https:\\\/\\\/rangerssafaritours.com\\\/#website\",\"url\":\"https:\\\/\\\/rangerssafaritours.com\\\/\",\"name\":\"Rangers Safari Tours\",\"description\":\"\",\"publisher\":{\"@id\":\"https:\\\/\\\/rangerssafaritours.com\\\/#organization\"},\"potentialAction\":[{\"@type\":\"SearchAction\",\"target\":{\"@type\":\"EntryPoint\",\"urlTemplate\":\"https:\\\/\\\/rangerssafaritours.com\\\/?s={search_term_string}\"},\"query-input\":{\"@type\":\"PropertyValueSpecification\",\"valueRequired\":true,\"valueName\":\"search_term_string\"}}],\"inLanguage\":\"fr-FR\"},{\"@type\":\"Organization\",\"@id\":\"https:\\\/\\\/rangerssafaritours.com\\\/#organization\",\"name\":\"Rangers Safari Tours\",\"url\":\"https:\\\/\\\/rangerssafaritours.com\\\/\",\"logo\":{\"@type\":\"ImageObject\",\"inLanguage\":\"fr-FR\",\"@id\":\"https:\\\/\\\/rangerssafaritours.com\\\/#\\\/schema\\\/logo\\\/image\\\/\",\"url\":\"https:\\\/\\\/rangerssafaritours.com\\\/wp-content\\\/uploads\\\/2025\\\/04\\\/organization-logo.png\",\"contentUrl\":\"https:\\\/\\\/rangerssafaritours.com\\\/wp-content\\\/uploads\\\/2025\\\/04\\\/organization-logo.png\",\"width\":346,\"height\":91,\"caption\":\"Rangers Safari Tours\"},\"image\":{\"@id\":\"https:\\\/\\\/rangerssafaritours.com\\\/#\\\/schema\\\/logo\\\/image\\\/\"}}]}<\/script>\n<!-- \/ Yoast SEO plugin. -->","yoast_head_json":{"title":"Politique de confidentialit\u00e9 &#8902; Rangers Safari Tours","robots":{"index":"noindex","follow":"follow"},"og_locale":"fr_FR","og_type":"article","og_title":"Politique de confidentialit\u00e9 &#8902; Rangers Safari Tours","og_url":"https:\/\/rangerssafaritours.com\/fr\/politique-de-confidentialite\/","og_site_name":"Rangers Safari Tours","article_modified_time":"2025-07-10T11:05:16+00:00","twitter_card":"summary_large_image","twitter_misc":{"Dur\u00e9e de lecture estim\u00e9e":"5 minutes"},"schema":{"@context":"https:\/\/schema.org","@graph":[{"@type":"WebPage","@id":"https:\/\/rangerssafaritours.com\/fr\/politique-de-confidentialite\/","url":"https:\/\/rangerssafaritours.com\/fr\/politique-de-confidentialite\/","name":"Politique de confidentialit\u00e9 &#8902; Rangers Safari Tours","isPartOf":{"@id":"https:\/\/rangerssafaritours.com\/#website"},"datePublished":"2022-09-30T08:24:42+00:00","dateModified":"2025-07-10T11:05:16+00:00","breadcrumb":{"@id":"https:\/\/rangerssafaritours.com\/fr\/politique-de-confidentialite\/#breadcrumb"},"inLanguage":"fr-FR","potentialAction":[{"@type":"ReadAction","target":["https:\/\/rangerssafaritours.com\/fr\/politique-de-confidentialite\/"]}]},{"@type":"BreadcrumbList","@id":"https:\/\/rangerssafaritours.com\/fr\/politique-de-confidentialite\/#breadcrumb","itemListElement":[{"@type":"ListItem","position":1,"name":"Portada","item":"https:\/\/rangerssafaritours.com\/fr\/"},{"@type":"ListItem","position":2,"name":"Politique de confidentialit\u00e9"}]},{"@type":"WebSite","@id":"https:\/\/rangerssafaritours.com\/#website","url":"https:\/\/rangerssafaritours.com\/","name":"Rangers Safari Tours","description":"","publisher":{"@id":"https:\/\/rangerssafaritours.com\/#organization"},"potentialAction":[{"@type":"SearchAction","target":{"@type":"EntryPoint","urlTemplate":"https:\/\/rangerssafaritours.com\/?s={search_term_string}"},"query-input":{"@type":"PropertyValueSpecification","valueRequired":true,"valueName":"search_term_string"}}],"inLanguage":"fr-FR"},{"@type":"Organization","@id":"https:\/\/rangerssafaritours.com\/#organization","name":"Rangers Safari Tours","url":"https:\/\/rangerssafaritours.com\/","logo":{"@type":"ImageObject","inLanguage":"fr-FR","@id":"https:\/\/rangerssafaritours.com\/#\/schema\/logo\/image\/","url":"https:\/\/rangerssafaritours.com\/wp-content\/uploads\/2025\/04\/organization-logo.png","contentUrl":"https:\/\/rangerssafaritours.com\/wp-content\/uploads\/2025\/04\/organization-logo.png","width":346,"height":91,"caption":"Rangers Safari Tours"},"image":{"@id":"https:\/\/rangerssafaritours.com\/#\/schema\/logo\/image\/"}}]}},"_links":{"self":[{"href":"https:\/\/rangerssafaritours.com\/fr\/wp-json\/wp\/v2\/pages\/2445","targetHints":{"allow":["GET"]}}],"collection":[{"href":"https:\/\/rangerssafaritours.com\/fr\/wp-json\/wp\/v2\/pages"}],"about":[{"href":"https:\/\/rangerssafaritours.com\/fr\/wp-json\/wp\/v2\/types\/page"}],"author":[{"embeddable":true,"href":"https:\/\/rangerssafaritours.com\/fr\/wp-json\/wp\/v2\/users\/1"}],"replies":[{"embeddable":true,"href":"https:\/\/rangerssafaritours.com\/fr\/wp-json\/wp\/v2\/comments?post=2445"}],"version-history":[{"count":2,"href":"https:\/\/rangerssafaritours.com\/fr\/wp-json\/wp\/v2\/pages\/2445\/revisions"}],"predecessor-version":[{"id":2447,"href":"https:\/\/rangerssafaritours.com\/fr\/wp-json\/wp\/v2\/pages\/2445\/revisions\/2447"}],"wp:attachment":[{"href":"https:\/\/rangerssafaritours.com\/fr\/wp-json\/wp\/v2\/media?parent=2445"}],"curies":[{"name":"wp","href":"https:\/\/api.w.org\/{rel}","templated":true}]}}